{"id":1371,"date":"2021-11-13T15:52:56","date_gmt":"2021-11-13T15:52:56","guid":{"rendered":"https:\/\/colaboratorioic.org\/quienes\/"},"modified":"2022-06-10T14:15:57","modified_gmt":"2022-06-10T14:15:57","slug":"quen","status":"publish","type":"page","link":"https:\/\/colaboratorioic.org\/gl\/quen\/","title":{"rendered":"Quen"},"content":{"rendered":"<div class=\"wpb-content-wrapper\"><p>[vc_row css_animation=&#8221;fadeIn&#8221; el_class=&#8221;submenus&#8221;][vc_column][vc_row_inner content_placement=&#8221;middle&#8221; css=&#8221;.vc_custom_1648103728313{padding-top: 7vh !important;padding-bottom: 3vh !important;}&#8221;][vc_column_inner width=&#8221;3\/5&#8243;][vc_column_text css_animation=&#8221;fadeIn&#8221; css=&#8221;.vc_custom_1650452686409{margin-bottom: 0px !important;}&#8221;]<\/p>\n<h4>Quen<\/h4>\n<h1>Unha comunidade de comunidades, aberta e participativa na que relacionarse, xerar e compartir co\u00f1ecementos e experiencias en beneficio com\u00fan.<\/h1>\n<p>[\/vc_column_text][\/vc_column_inner][vc_column_inner width=&#8221;2\/5&#8243;][vc_single_image image=&#8221;952&#8243; img_size=&#8221;full&#8221; css_animation=&#8221;left-to-right&#8221;][\/vc_column_inner][\/vc_row_inner][vc_icon type=&#8221;material&#8221; icon_material=&#8221;vc-material vc-material-arrow_downward&#8221; color=&#8221;custom&#8221; size=&#8221;lg&#8221; css_animation=&#8221;fadeInDown&#8221; css=&#8221;.vc_custom_1637684991865{margin-bottom: 0px !important;}&#8221; custom_color=&#8221;#acc9b4&#8243;][vc_separator color=&#8221;custom&#8221; border_width=&#8221;2&#8243; accent_color=&#8221;#000000&#8243;][vc_wp_custommenu nav_menu=&#8221;50&#8243; title=&#8221;Quen \/&#8221; el_class=&#8221;subsubmenu&#8221;][vc_separator color=&#8221;custom&#8221; accent_color=&#8221;#000000&#8243;][\/vc_column][\/vc_row][vc_section el_id=&#8221;quienes-somos&#8221;][vc_row][vc_column][vc_row_inner gap=&#8221;35&#8243;][vc_column_inner width=&#8221;1\/3&#8243;][vc_column_text]<\/p>\n<h4>Somos<\/h4>\n<h2>De onde vimos?<\/h2>\n<p>[\/vc_column_text][\/vc_column_inner][vc_column_inner width=&#8221;2\/3&#8243;][vc_column_text]<\/p>\n<h5>O Colaboratorio IC xorde do encontro \u00bfY SI NOS ENREDAMOS? (\u00abE SE NOS ENREDAMOS?\u00bb) celebrado a finais de 2020, en pleno confinamento pola COVID-19, no marco do proxecto Frena la Curva (\u00abFrea a Curva\u00bb) para reflexionar sobre como promover e artellar o ecosistema de Innovaci\u00f3n Cidad\u00e1.<\/h5>\n<p>Nun principio, este encontro contou coa promoci\u00f3n de Laia S\u00e1nchez (Citilab); Ricardo Ant\u00f3n (ColaBoraBora e Wikitoki); Javier Ib\u00e1\u00f1ez (Las Naves); Ibai Zabaleta (Hirikilabs e Tabakalera); Alberto Flores (Makea tu Vida); Adrian De Miguel e Marcos Garc\u00eda (Medialab Prado); Adolfo Chaut\u00f3n e Josian Llorente. Implicou a m\u00e1is de 150 persoas (profesionais, mediadoras, activistas e investigadoras, entre outras, principalmente do \u00e1mbito estatal e latinoamericano). Esta publicaci\u00f3n-informe xurdiu das conversas, intercambios e ensinanzas que se produciron al\u00ed. Agora, empreg\u00e1mola como c\u00f3digo fonte e folla de ruta. Nesta li\u00f1a de tempo podes consultar os pasos que se van dando.[\/vc_column_text][\/vc_column_inner][\/vc_row_inner][vc_row_inner gap=&#8221;35&#8243; css=&#8221;.vc_custom_1645133365609{padding-top: 20px !important;}&#8221;][vc_column_inner width=&#8221;1\/3&#8243;][vc_column_text]<\/p>\n<h2>Ser comunidade<\/h2>\n<p>[\/vc_column_text][\/vc_column_inner][vc_column_inner width=&#8221;2\/3&#8243;][vc_column_text]O Colaboratorio IC naceu con esp\u00edrito de continuidade, coa intenci\u00f3n de manterse activo o tempo que sexa preciso para conseguir que a Innovaci\u00f3n Cidad\u00e1 e os seus axentes se visibilicen, articulen e consoliden como parte vital do sistema de innovaci\u00f3n.<\/p>\n<p>Para iso, \u00e9 fundamental xerar sentido e sentimento de comunidade co interese pola Innovaci\u00f3n Cidad\u00e1 como denominador com\u00fan. A base do Colaboratorio IC \u00e9 unha comunidade composta por axentes diversos e complementarios de calquera dimensi\u00f3n, \u00e1mbito de actividade ou tipolox\u00eda (sociedade civil; administraci\u00f3n p\u00fablica; centros de co\u00f1ecemento e investigaci\u00f3n; empresas e profesionais). Falamos de axentes que queiran cultivar relaci\u00f3ns significativas e alianzas transversais, xa sexan disciplinares, competenciais ou territoriais, desde a confianza, o reco\u00f1ecemento e a reciprocidade de maneira corresponsable e proporcional, sen caer en l\u00f3xicas centradas na extracci\u00f3n.[\/vc_column_text][vc_btn title=&#8221;\u00daNESTE?&#8221; style=&#8221;flat&#8221; shape=&#8221;round&#8221; color=&#8221;vista-blue&#8221; link=&#8221;url:https%3A%2F%2Fcolaboratorioic.org%2Fgl%2Fparticipa%2F|title:Formulario%3A%20%C2%A1Participa!&#8221;][vc_empty_space][vc_separator color=&#8221;vista_blue&#8221;][vc_column_text]Para desenvolverse, o Colaboratorio IC conta coa ampla e diversa comunidade da Innovaci\u00f3n Cidad\u00e1 e, ademais, co compromiso doutras figuras con distintos tipos de implicaci\u00f3n.[\/vc_column_text][\/vc_column_inner][\/vc_row_inner][vc_row_inner gap=&#8221;35&#8243; el_id=&#8221;agentes-promotores&#8221; css=&#8221;.vc_custom_1645133373070{padding-top: 20px !important;}&#8221;][vc_column_inner width=&#8221;1\/3&#8243;][vc_column_text]<\/p>\n<h3>Axentes promotores<\/h3>\n<p>[\/vc_column_text][\/vc_column_inner][vc_column_inner width=&#8221;2\/3&#8243;][vc_column_text]Son aquelas organizaci\u00f3ns e persoas que forman parte activa da comunidade e se implican en maior medida na orientaci\u00f3n e xesti\u00f3n do Colaboratorio IC coa s\u00faa participaci\u00f3n no Grupo de Coordinaci\u00f3n. Ademais, int\u00e9grano na s\u00faa estratexia e plan de acci\u00f3n e achegan recursos concretos para o seu desenvolvemento (tempo de dedicaci\u00f3n na s\u00faa xornada laboral, recursos materiais e servizos dos que dispo\u00f1en, orzamento para iniciativas concretas, organizaci\u00f3n dalgunha actividade&#8230;).<\/p>\n<p>Gustar\u00edache implicarte como axente promotor?[\/vc_column_text][vc_btn title=&#8221;Ponte en contacto!&#8221; style=&#8221;flat&#8221; shape=&#8221;round&#8221; color=&#8221;vista-blue&#8221; link=&#8221;url:https%3A%2F%2Fcolaboratorioic.org%2Fgl%2Fcontacto%2F|title:Contacto&#8221;][vc_column_text]Actualmente, os axentes promotores do Colaboratorio IC son:[\/vc_column_text][lab_clients column_spacing=&#8221;yes&#8221; image_borders=&#8221;no&#8221; hover_style=&#8221;hover-opacity&#8221; reveal_effect=&#8221;fadeIn-one&#8221; img_size=&#8221;full&#8221; el_class=&#8221;agentespromotores&#8221;][lab_clients_entry image=&#8221;1525&#8243; link=&#8221;url:https%3A%2F%2Fcanodrom.barcelona%2F|target:_blank&#8221; title=&#8221;Ateneu d&#8217;Innovaci\u00f3 Digital i Democr\u00e0tica&#8221;][lab_clients_entry image=&#8221;2922&#8243; title=&#8221;Carpe&#8221; description=&#8221;I am text block. Click edit button to change this text. Lorem ipsum dolor sit amet, consectetur adipiscing elit. Ut elit tellus, luctus nec ullamcorper mattis, pulvinar dapibus leo.&#8221; link=&#8221;url:https%3A%2F%2Fcarpe.studio%2F|target:_blank&#8221;][lab_clients_entry image=&#8221;2436&#8243; title=&#8221;Citylab&#8221; description=&#8221;I am text block. Click edit button to change this text. Lorem ipsum dolor sit amet, consectetur adipiscing elit. Ut elit tellus, luctus nec ullamcorper mattis, pulvinar dapibus leo.&#8221; link=&#8221;url:https%3A%2F%2Fwww.citilab.eu%2F|target:_blank&#8221;][lab_clients_entry image=&#8221;54&#8243; title=&#8221;Colaborabora&#8221; description=&#8221;I am text block. Click edit button to change this text. Lorem ipsum dolor sit amet, consectetur adipiscing elit. Ut elit tellus, luctus nec ullamcorper mattis, pulvinar dapibus leo.&#8221; link=&#8221;url:https%3A%2F%2Fwww.colaborabora.org%2F|target:_blank&#8221;][lab_clients_entry image=&#8221;2725&#8243; title=&#8221;ICosistema&#8221; description=&#8221;I am text block. Click edit button to change this text. Lorem ipsum dolor sit amet, consectetur adipiscing elit. Ut elit tellus, luctus nec ullamcorper mattis, pulvinar dapibus leo.&#8221; link=&#8221;target:_blank&#8221;][lab_clients_entry image=&#8221;1520&#8243; title=&#8221;LAAAB&#8221; description=&#8221;I am text block. Click edit button to change this text. Lorem ipsum dolor sit amet, consectetur adipiscing elit. Ut elit tellus, luctus nec ullamcorper mattis, pulvinar dapibus leo.&#8221; link=&#8221;url:https%3A%2F%2Fwww.laaab.es%2F|target:_blank&#8221;][lab_clients_entry image=&#8221;3061&#8243; title=&#8221;Las Naves&#8221; description=&#8221;I am text block. Click edit button to change this text. Lorem ipsum dolor sit amet, consectetur adipiscing elit. Ut elit tellus, luctus nec ullamcorper mattis, pulvinar dapibus leo.&#8221; link=&#8221;url:https%3A%2F%2Fwww.lasnaves.com%2F|target:_blank&#8221;][lab_clients_entry image=&#8221;2431&#8243; title=&#8221;Tabakalera&#8221; description=&#8221;I am text block. Click edit button to change this text. Lorem ipsum dolor sit amet, consectetur adipiscing elit. Ut elit tellus, luctus nec ullamcorper mattis, pulvinar dapibus leo.&#8221; link=&#8221;url:https%3A%2F%2Fwww.tabakalera.eu%2F|target:_blank&#8221;][\/lab_clients][\/vc_column_inner][\/vc_row_inner][vc_row_inner gap=&#8221;35&#8243; css=&#8221;.vc_custom_1645133379902{padding-top: 20px !important;}&#8221;][vc_column_inner width=&#8221;1\/3&#8243;][vc_column_text]<\/p>\n<h3>Axentes colaboradores<\/h3>\n<p>[\/vc_column_text][\/vc_column_inner][vc_column_inner width=&#8221;2\/3&#8243;][vc_column_text]Son aquelas entidades que, sen formar directamente parte da comunidade, si que te\u00f1en competencias directas ou transversais ou exercen funci\u00f3ns relacionadas con \u00e1mbitos que lle afectan \u00e1 Innovaci\u00f3n Cidad\u00e1. Desde a\u00ed, queren contribu\u00edr a que o Colaboratorio IC implante a s\u00faa misi\u00f3n. Estas entidades poden ser administraci\u00f3ns p\u00fablicas, axencias de innovaci\u00f3n, fundaci\u00f3ns, universidades, centros de investigaci\u00f3ns ou empresas. A colaboraci\u00f3n faise efectiva mediante distintos tipos de v\u00ednculos e achegas en forma de recursos financeiros, materiais de investigaci\u00f3n ou de comunicaci\u00f3n, as\u00ed como acceso a \u00e1mbitos e relaci\u00f3ns estrat\u00e9xicas para a Innovaci\u00f3n Cidad\u00e1.<\/p>\n<p>Gustar\u00edache contribu\u00edr como axente colaborador?[\/vc_column_text][vc_btn title=&#8221;Ponte en contacto!&#8221; style=&#8221;flat&#8221; shape=&#8221;round&#8221; color=&#8221;vista-blue&#8221; link=&#8221;url:https%3A%2F%2Fcolaboratorioic.org%2Fgl%2Fparticipa%2F|title:%C2%A1Participa!&#8221;][vc_column_text]Actualmente, os axentes colaboradores do Colaboratorio IC son:[\/vc_column_text][vc_media_grid element_width=&#8221;3&#8243; item=&#8221;211&#8243; grid_id=&#8221;vc_gid:1654870518397-85b95a2e-5f97-5&#8243; include=&#8221;1537&#8243;][\/vc_column_inner][\/vc_row_inner][\/vc_column][\/vc_row][\/vc_section][vc_section el_id=&#8221;beneficios&#8221;][vc_row][vc_column][vc_separator color=&#8221;custom&#8221; accent_color=&#8221;#acc9b4&#8243;][vc_row_inner gap=&#8221;35&#8243;][vc_column_inner width=&#8221;1\/3&#8243;][vc_column_text]<\/p>\n<h4>Beneficios<\/h4>\n<h2>Por que unirte ao Colaboratorio IC?<\/h2>\n<p>[\/vc_column_text][\/vc_column_inner][vc_column_inner width=&#8221;2\/3&#8243;][vc_column_text]Que beneficios obt\u00e9s ao unirte ao Colaboratorio IC?<\/p>\n<ul>\n<li><strong>Formar parte dunha comunidade diversa e activa<\/strong> no relativo \u00e1 Innovaci\u00f3n Cidad\u00e1 que ten capacidade de representaci\u00f3n colectiva, interlocuci\u00f3n e incidencia en distintos \u00e1mbitos tem\u00e1ticos e territoriais.<\/li>\n<li><strong>Conectar con outros axentes af\u00edns,<\/strong> con intereses com\u00fans e perf\u00eds diversos que te\u00f1en miradas, experiencias e capacidades complementarias.<\/li>\n<li><strong>Unirte \u00e1 consolidaci\u00f3n de alianzas<\/strong> xa existentes e forxar relaci\u00f3ns novas con axentes estatais e internacionais.<\/li>\n<li><strong>Participar na definici\u00f3n de retos com\u00fans<\/strong> e proxectos desenvolvidos entre axentes que forman parte do Colaboratorio IC.<\/li>\n<li><strong>Acceder a infraestruturas, ferramentas e outros recursos<\/strong> que xerou ou compartiu o Colaboratorio IC.<\/li>\n<li><strong>Dar a co\u00f1ecer as t\u00faas actividades<\/strong> e propostas nun marco de interese compartido.<\/li>\n<li><strong>Compartir maneiras de traballar<\/strong>, ensinanzas e boas pr\u00e1cticas.<\/li>\n<\/ul>\n<p>Unha morea de beneficios com\u00fans.<br \/>\nCanto m\u00e1is te impliques, m\u00e1is retornos recibir\u00e1s![\/vc_column_text][vc_btn title=&#8221;\u00bfTe sumas?&#8221; style=&#8221;flat&#8221; shape=&#8221;round&#8221; color=&#8221;vista-blue&#8221; link=&#8221;url:https%3A%2F%2Fcolaboratorioic.org%2Fgl%2Fparticipa%2F|title:%C2%A1Participa!&#8221;][\/vc_column_inner][\/vc_row_inner][\/vc_column][\/vc_row][\/vc_section][vc_section el_id=&#8221;funcionamiento&#8221;][vc_row][vc_column][vc_separator color=&#8221;custom&#8221; accent_color=&#8221;#acc9b4&#8243;][vc_row_inner gap=&#8221;35&#8243;][vc_column_inner width=&#8221;1\/3&#8243;][vc_column_text]<\/p>\n<h4>Funcionamento<\/h4>\n<h2>Unha estrutura aberta, participativa e din\u00e1mica.<\/h2>\n<p>[\/vc_column_text][\/vc_column_inner][vc_column_inner width=&#8221;2\/3&#8243;][vc_column_text]O Colaboratorio IC non conta cunha forma xur\u00eddica propia, sen\u00f3n que funciona de maneira federada. Basea o seu desenvolvemento na confianza, reco\u00f1ecemento, reciprocidade e apoio mutuos. O noso obxectivo \u00e9 implicar unha cantidade ampla e diversa de axentes propo\u00f1endo formas e niveis de participaci\u00f3n que favorezan un traballo autoxestionado, corresponsable e distribu\u00eddo.<\/p>\n<p>Ao unirte ao Colaboratorio IC, poder\u00e1s participar e implicarte nos seus \u00f3rganos de xesti\u00f3n, grupos de traballo, procesos de toma de decisi\u00f3ns ou proxectos concretos que se activen, entre outros.[\/vc_column_text][vc_single_image image=&#8221;3251&#8243; img_size=&#8221;full&#8221; css=&#8221;.vc_custom_1654870554882{padding-right: 30px !important;padding-left: 30px !important;}&#8221;][\/vc_column_inner][\/vc_row_inner][vc_row_inner gap=&#8221;35&#8243;][vc_column_inner width=&#8221;1\/3&#8243;][vc_column_text]<\/p>\n<h3>Comunidade IC<\/h3>\n<p>[\/vc_column_text][\/vc_column_inner][vc_column_inner width=&#8221;2\/3&#8243;][vc_column_text]<\/p>\n<ul>\n<li><strong>Composta por axentes con interese en formar parte do ecosistema de Innovaci\u00f3n Cidad\u00e1 <\/strong>que queren conectarse e estar ao tanto dos avances pero cun nivel de compromiso e implicaci\u00f3n laxo ou puntual.<\/li>\n<li><strong>Celebra polo menos dous encontros anuais <\/strong>do conxunto da comunidade.<\/li>\n<li><strong>Existen canles de informaci\u00f3n e participaci\u00f3n <\/strong>distintas que evolucionan a partir das s\u00faas necesidades.<\/li>\n<\/ul>\n<p>[\/vc_column_text][\/vc_column_inner][\/vc_row_inner][vc_row_inner gap=&#8221;35&#8243;][vc_column_inner width=&#8221;1\/3&#8243;][vc_column_text]<\/p>\n<h3>Grupo de Coordinaci\u00f3n<\/h3>\n<p>[\/vc_column_text][\/vc_column_inner][vc_column_inner width=&#8221;2\/3&#8243;][vc_column_text]<\/p>\n<ul>\n<li><strong>Equipo formado por persoas a t\u00edtulo particular ou como representantes de organizaci\u00f3n <\/strong>que forman parte do Colaboratorio IC, tanto desde os axentes promotores como desde o conxunto da comunidade.<\/li>\n<li><strong>Asume labores b\u00e1sicas <\/strong>de xesti\u00f3n, coordinaci\u00f3n, secretar\u00eda t\u00e9cnica, comunicaci\u00f3n, dinamizaci\u00f3n do ecosistema&#8230;<strong><br \/>\n<\/strong><\/li>\n<li><strong>Ten car\u00e1cter aberto e voluntario<\/strong> a\u00ednda que, se se disp\u00f3n de recursos, unha parte das funci\u00f3ns poder\u00e1n apoiarse no traballo de persoas liberadas.<strong><br \/>\n<\/strong><\/li>\n<li><strong>Re\u00fanese de maneira peri\u00f3dica, <\/strong>polo menos cada dous meses.<strong><br \/>\n<\/strong><\/li>\n<\/ul>\n<p>[\/vc_column_text][\/vc_column_inner][\/vc_row_inner][vc_row_inner gap=&#8221;35&#8243; el_class=&#8221;grupostrabajo&#8221;][vc_column_inner width=&#8221;1\/3&#8243;][vc_column_text]<\/p>\n<h3>Grupos de Traballo<\/h3>\n<p>[\/vc_column_text][\/vc_column_inner][vc_column_inner width=&#8221;2\/3&#8243;][vc_column_text]<\/p>\n<ul>\n<li><strong>Grupos estables ou temporais, de car\u00e1cter aberto, <\/strong>compostos por persoas comprometidas co desenvolvemento das tarefas e acci\u00f3ns do grupo.<strong><br \/>\n<\/strong><\/li>\n<li><strong>Cada grupo define o seu plan de traballo e operativa tendo en conta os seus obxectivos, <\/strong>o n\u00famero de persoas e implicaci\u00f3ns, o car\u00e1cter temporal ou a dispo\u00f1ibilidade doutros recursos.<\/li>\n<li><strong>Funciona de maneira ad hoc <\/strong>e prop\u00f3n dous niveles de implicaci\u00f3n como m\u00ednimo:<strong><br \/>\n<\/strong><\/li>\n<\/ul>\n<p style=\"padding-left: 40px;\">1. \u00abTirar do carro\u00bb, coordinar, coidar o proceso e o cumprimento dos fitos.<\/p>\n<p style=\"padding-left: 40px;\">2. Acompa\u00f1ar o proceso e activarse en momentos ou con tarefas concretas.<\/p>\n<p>[\/vc_column_text][\/vc_column_inner][\/vc_row_inner][\/vc_column][\/vc_row][\/vc_section][vc_section el_id=&#8221;recursos&#8221;][vc_row][vc_column][vc_separator color=&#8221;custom&#8221; accent_color=&#8221;#acc9b4&#8243;][vc_row_inner gap=&#8221;35&#8243;][vc_column_inner width=&#8221;1\/3&#8243;][vc_column_text]<\/p>\n<h4>Recursos e financiamento<\/h4>\n<h2>Como se sustenta o Colaboratorio IC?<\/h2>\n<p>[\/vc_column_text][\/vc_column_inner][vc_column_inner width=&#8221;2\/3&#8243;][vc_column_text]Unha parte importante do traballo no Colaboratorio IC desenv\u00f3lvese coa implicaci\u00f3n voluntaria e a contribuci\u00f3n de recursos propios dos axentes que o conforman. Isto concr\u00e9tase no seguinte:<\/p>\n<ul>\n<li><strong>Tempo de dedicaci\u00f3n <\/strong>a tarefas que se desenvolven no Colaboratorio IC (xesti\u00f3n, comunicaci\u00f3n, redacci\u00f3n de propostas, asistencia t\u00e9cnica&#8230;).<\/li>\n<li><strong>Proporcionar infraestruturas e ferramentas <\/strong>de uso com\u00fan (servidores, streaming, ferramentas colaborativas&#8230;).<\/li>\n<li><strong>Servizos que xa contrataron <\/strong>os distintos axentes do sistema e que poidan dar cobertura ao Colaboratorio IC (por exemplo, no relativo a traduci\u00f3ns, dese\u00f1o, servizos t\u00e9cnicos, imprenta, viaxes&#8230;).<strong><br \/>\n<\/strong><\/li>\n<li><strong>Partidas orzamentarias destinadas a cubrir gastos e contrataci\u00f3ns <\/strong>no marco do desenvolvemento de proxectos ou funci\u00f3ns e servizos ligados ao plan de acci\u00f3n do Colaboratorio IC que excedan o compromiso voluntario a fin de evitar tender a situaci\u00f3ns insostibles ou que favorezan o sometemento propio \u00e1 precariedade (en labores de coordinaci\u00f3n, secretar\u00eda t\u00e9cnica, tarefas de xesti\u00f3n, facilitaci\u00f3n e acompa\u00f1amento, preparaci\u00f3n de propostas, produci\u00f3n de actividades, programaci\u00f3n web, relator\u00edas&#8230;).<\/li>\n<\/ul>\n<p>NOTA: Polo momento, o Colaboratorio IC non conta cunha forma xur\u00eddica propia que lle permita solicitar e recibir financiamento ou outros recursos de maneira directa. Por iso, a captaci\u00f3n de recursos faise mediante os axentes promotores, sempre seguindo criterios de transparencia e en base a obxectivos e estratexias que se acordaron de maneira colectiva.[\/vc_column_text][\/vc_column_inner][\/vc_row_inner][\/vc_column][\/vc_row][vc_row][vc_column][vc_column_text]<\/p>\n<p>[\/vc_column_text][\/vc_column][\/vc_row][vc_row gap=&#8221;35&#8243; content_placement=&#8221;middle&#8221; el_id=&#8221;newsletter&#8221; css=&#8221;.vc_custom_1649222949766{border-top-width: 1px !important;padding-top: 30px !important;padding-bottom: 50px !important;border-top-color: #000000 !important;border-top-style: solid !important;}&#8221;][vc_column width=&#8221;2\/3&#8243;][vc_single_image image=&#8221;1261&#8243; img_size=&#8221;full&#8221; alignment=&#8221;right&#8221; css_animation=&#8221;fadeInLeft&#8221; retina_image=&#8221;yes&#8221; css=&#8221;.vc_custom_1649222711335{padding-left: 30px !important;}&#8221;][\/vc_column][vc_column width=&#8221;1\/3&#8243;][vc_column_text el_class=&#8221;newsletter&#8221;]<\/p>\n<h3>Suscr\u00edbete a nuestro bolet\u00edn<\/h3>\n<p><span style=\"font-weight: 400;\">\u00bfQuieres que la Innovaci\u00f3n Ciudadana llegue directamente a tu email?\u00a0<\/span>[\/vc_column_text][vc_btn title=&#8221;\u00a1ME APUNTO!&#8221; style=&#8221;outline&#8221; shape=&#8221;round&#8221; color=&#8221;inverse&#8221; align=&#8221;left&#8221; link=&#8221;url:https%3A%2F%2Fcolaboratorioic.org%2Fboletin|target:_blank&#8221;][\/vc_column][\/vc_row][\/vc_section]<\/p>\n<\/div>","protected":false},"excerpt":{"rendered":"<p>[vc_row css_animation=&#8221;fadeIn&#8221; el_class=&#8221;submenus&#8221;][vc_column][vc_row_inner content_placement=&#8221;middle&#8221; css=&#8221;.vc_custom_1648103728313{padding-top: 7vh !important;padding-bottom: 3vh !important;}&#8221;][vc_column_inner width=&#8221;3\/5&#8243;][vc_column_text css_animation=&#8221;fadeIn&#8221; css=&#8221;.vc_custom_1650452686409{margin-bottom: 0px !important;}&#8221;] Quen Unha comunidade de comunidades, aberta e participativa na que relacionarse, xerar e compartir co\u00f1ecementos e experiencias en beneficio com\u00fan. [\/vc_column_text][\/vc_column_inner][vc_column_inner width=&#8221;2\/5&#8243;][vc_single_image image=&#8221;952&#8243; img_size=&#8221;full&#8221; css_animation=&#8221;left-to-right&#8221;][\/vc_column_inner][\/vc_row_inner][vc_icon type=&#8221;material&#8221; icon_material=&#8221;vc-material vc-material-arrow_downward&#8221; color=&#8221;custom&#8221; size=&#8221;lg&#8221; css_animation=&#8221;fadeInDown&#8221; css=&#8221;.vc_custom_1637684991865{margin-bottom: 0px !important;}&#8221; custom_color=&#8221;#acc9b4&#8243;][vc_separator color=&#8221;custom&#8221; border_width=&#8221;2&#8243; accent_color=&#8221;#000000&#8243;][vc_wp_custommenu nav_menu=&#8221;50&#8243; title=&#8221;Quen \/&#8221;&hellip;<\/p>\n","protected":false},"author":3,"featured_media":956,"parent":0,"menu_order":0,"comment_status":"closed","ping_status":"open","template":"","meta":{"_acf_changed":false,"footnotes":""},"class_list":["post-1371","page","type-page","status-publish","has-post-thumbnail","hentry"],"acf":[],"_links":{"self":[{"href":"https:\/\/colaboratorioic.org\/gl\/wp-json\/wp\/v2\/pages\/1371","targetHints":{"allow":["GET"]}}],"collection":[{"href":"https:\/\/colaboratorioic.org\/gl\/wp-json\/wp\/v2\/pages"}],"about":[{"href":"https:\/\/colaboratorioic.org\/gl\/wp-json\/wp\/v2\/types\/page"}],"author":[{"embeddable":true,"href":"https:\/\/colaboratorioic.org\/gl\/wp-json\/wp\/v2\/users\/3"}],"replies":[{"embeddable":true,"href":"https:\/\/colaboratorioic.org\/gl\/wp-json\/wp\/v2\/comments?post=1371"}],"version-history":[{"count":49,"href":"https:\/\/colaboratorioic.org\/gl\/wp-json\/wp\/v2\/pages\/1371\/revisions"}],"predecessor-version":[{"id":3256,"href":"https:\/\/colaboratorioic.org\/gl\/wp-json\/wp\/v2\/pages\/1371\/revisions\/3256"}],"wp:featuredmedia":[{"embeddable":true,"href":"https:\/\/colaboratorioic.org\/gl\/wp-json\/wp\/v2\/media\/956"}],"wp:attachment":[{"href":"https:\/\/colaboratorioic.org\/gl\/wp-json\/wp\/v2\/media?parent=1371"}],"curies":[{"name":"wp","href":"https:\/\/api.w.org\/{rel}","templated":true}]}}