{"id":1358,"date":"2021-11-14T19:57:13","date_gmt":"2021-11-14T19:57:13","guid":{"rendered":"https:\/\/colaboratorioic.org\/contacto\/"},"modified":"2022-05-04T07:36:27","modified_gmt":"2022-05-04T07:36:27","slug":"contacto","status":"publish","type":"page","link":"https:\/\/colaboratorioic.org\/gl\/contacto\/","title":{"rendered":"Contacto e comunicaci\u00f3n"},"content":{"rendered":"<div class=\"wpb-content-wrapper\"><p>[vc_row css_animation=&#8221;fadeIn&#8221; el_class=&#8221;submenus&#8221;][vc_column][vc_row_inner content_placement=&#8221;middle&#8221; css=&#8221;.vc_custom_1648704915345{padding-top: 5vh !important;}&#8221;][vc_column_inner width=&#8221;3\/5&#8243;][vc_column_text]<\/p>\n<h1>Canles, medios e ferramentas para comunicarnos, favorecer as relaci\u00f3ns e ampliar a comunidade.<\/h1>\n<p>[\/vc_column_text][\/vc_column_inner][vc_column_inner width=&#8221;2\/5&#8243;][vc_single_image image=&#8221;1074&#8243; img_size=&#8221;full&#8221; css_animation=&#8221;left-to-right&#8221;][\/vc_column_inner][\/vc_row_inner][vc_separator color=&#8221;black&#8221;][\/vc_column][\/vc_row][vc_row gap=&#8221;35&#8243;][vc_column width=&#8221;1\/3&#8243;][vc_column_text]<\/p>\n<h4>Contacto e comunicaci\u00f3n<\/h4>\n<h2>Distintas maneiras de relacionarnos<\/h2>\n<p>[\/vc_column_text][\/vc_column][vc_column width=&#8221;2\/3&#8243;][vc_column_text]<strong>Contacto.<\/strong><br \/>\nA maneira m\u00e1is sinxela de comunicarnos \u00e9 a trav\u00e9s deste enderezo de correo electr\u00f3nico: <a href=\"mailto:info@colaboratorioic.org\">info@colaboratorioic.org<\/a>.<\/p>\n<p><strong>Bolet\u00edn.<\/strong><br \/>\nse queres recibir informaci\u00f3n sobre a actividade do Colaboratorio IC no teu correo electr\u00f3nico, subscr\u00edbete <a href=\"http:\/\/colaboratorioic.org\/boletin\">aqu\u00ed<\/a>.<\/p>\n<p><strong>Unirte.<\/strong><br \/>\nPara formar parte do Colaboratorio IC, o primeiro que hai que facer \u00e9 encher este <a href=\"https:\/\/colaboratorioic.org\/gl\/participa\/\">formulario<\/a>.<\/p>\n<p><strong>Canales y Netiqueta.<\/strong><br \/>\nPodes inscribirte \u00e1 lista de correo ou \u00e1 canle de <a href=\"https:\/\/t.me\/joinchat\/rvRduPj2c2VhZDQ8\">Telegram<\/a> a fin de estar ao tanto de todo e participar nas conversas. Para coidar as relaci\u00f3ns e o tono nestas canles, propo\u00f1\u00e9mosche que te informes acerca da <a href=\"https:\/\/colaboratorioic.org\/gl\/regulamento\/#netiqueta\">Netiqueta<\/a>.<\/p>\n<p><strong>Redes Sociais.<\/strong><br \/>\nPodes seguir a actividade e interactuar nas redes sociais mediante os hashtags principais de #ColaboratorioIC e #Innovaci\u00f3nCidad\u00e1. Ademais, poden crearse outros para acci\u00f3ns ou campa\u00f1as espec\u00edficas.<\/p>\n<p><strong>Identidade Corporativa.<br \/>\n<\/strong>Se queres, podes visibilizar a t\u00faa participaci\u00f3n no Colaboratorio IC e o teu compromiso co ecosistema de Innovaci\u00f3n Cidad\u00e1. Para iso, atopar\u00e1s varios materiais colaborativos neste cartafol. O Colaboratorio IC poder\u00e1 reclamar o cese da utilizaci\u00f3n do seu nome ou imaxe corporativa se se considera que se est\u00e1 a facer un uso indebido para fomentar ou avalar iniciativas que contrave\u00f1en os obxectivos com\u00fans.[\/vc_column_text][\/vc_column][\/vc_row][vc_row][vc_column][vc_column_text][\/vc_column_text][\/vc_column][\/vc_row][vc_row][vc_column][vc_column_text]<\/p>\n<p>[\/vc_column_text][\/vc_column][\/vc_row][vc_row gap=&#8221;35&#8243; content_placement=&#8221;middle&#8221; el_id=&#8221;newsletter&#8221; css=&#8221;.vc_custom_1649222949766{border-top-width: 1px !important;padding-top: 30px !important;padding-bottom: 50px !important;border-top-color: #000000 !important;border-top-style: solid !important;}&#8221;][vc_column width=&#8221;2\/3&#8243;][vc_single_image image=&#8221;1261&#8243; img_size=&#8221;full&#8221; alignment=&#8221;right&#8221; css_animation=&#8221;fadeInLeft&#8221; css=&#8221;.vc_custom_1650351726787{padding-left: 30px !important;}&#8221;][\/vc_column][vc_column width=&#8221;1\/3&#8243;][vc_column_text el_class=&#8221;newsletter&#8221;]<\/p>\n<h3>Suscr\u00edbete a nuestro bolet\u00edn<\/h3>\n<p><span style=\"font-weight: 400;\">\u00bfQuieres que la Innovaci\u00f3n Ciudadana llegue directamente a tu email?\u00a0<\/span>[\/vc_column_text][vc_btn title=&#8221;\u00a1ME APUNTO!&#8221; style=&#8221;outline&#8221; shape=&#8221;round&#8221; color=&#8221;inverse&#8221; align=&#8221;left&#8221; link=&#8221;url:http%3A%2F%2Fcolaboratorioic.org%2Fboletin&#8221;][\/vc_column][\/vc_row]<\/p>\n<\/div>","protected":false},"excerpt":{"rendered":"<p>[vc_row css_animation=&#8221;fadeIn&#8221; el_class=&#8221;submenus&#8221;][vc_column][vc_row_inner content_placement=&#8221;middle&#8221; css=&#8221;.vc_custom_1648704915345{padding-top: 5vh !important;}&#8221;][vc_column_inner width=&#8221;3\/5&#8243;][vc_column_text] Canles, medios e ferramentas para comunicarnos, favorecer as relaci\u00f3ns e ampliar a comunidade. [\/vc_column_text][\/vc_column_inner][vc_column_inner width=&#8221;2\/5&#8243;][vc_single_image image=&#8221;1074&#8243; img_size=&#8221;full&#8221; css_animation=&#8221;left-to-right&#8221;][\/vc_column_inner][\/vc_row_inner][vc_separator color=&#8221;black&#8221;][\/vc_column][\/vc_row][vc_row gap=&#8221;35&#8243;][vc_column width=&#8221;1\/3&#8243;][vc_column_text] Contacto e comunicaci\u00f3n Distintas maneiras de relacionarnos [\/vc_column_text][\/vc_column][vc_column width=&#8221;2\/3&#8243;][vc_column_text]Contacto. A maneira m\u00e1is sinxela de comunicarnos \u00e9 a trav\u00e9s deste enderezo de correo electr\u00f3nico: info@colaboratorioic.org. Bolet\u00edn. se&hellip;<\/p>\n","protected":false},"author":3,"featured_media":1078,"parent":0,"menu_order":0,"comment_status":"closed","ping_status":"open","template":"","meta":{"_acf_changed":false,"footnotes":""},"class_list":["post-1358","page","type-page","status-publish","has-post-thumbnail","hentry"],"acf":[],"_links":{"self":[{"href":"https:\/\/colaboratorioic.org\/gl\/wp-json\/wp\/v2\/pages\/1358","targetHints":{"allow":["GET"]}}],"collection":[{"href":"https:\/\/colaboratorioic.org\/gl\/wp-json\/wp\/v2\/pages"}],"about":[{"href":"https:\/\/colaboratorioic.org\/gl\/wp-json\/wp\/v2\/types\/page"}],"author":[{"embeddable":true,"href":"https:\/\/colaboratorioic.org\/gl\/wp-json\/wp\/v2\/users\/3"}],"replies":[{"embeddable":true,"href":"https:\/\/colaboratorioic.org\/gl\/wp-json\/wp\/v2\/comments?post=1358"}],"version-history":[{"count":12,"href":"https:\/\/colaboratorioic.org\/gl\/wp-json\/wp\/v2\/pages\/1358\/revisions"}],"predecessor-version":[{"id":3116,"href":"https:\/\/colaboratorioic.org\/gl\/wp-json\/wp\/v2\/pages\/1358\/revisions\/3116"}],"wp:featuredmedia":[{"embeddable":true,"href":"https:\/\/colaboratorioic.org\/gl\/wp-json\/wp\/v2\/media\/1078"}],"wp:attachment":[{"href":"https:\/\/colaboratorioic.org\/gl\/wp-json\/wp\/v2\/media?parent=1358"}],"curies":[{"name":"wp","href":"https:\/\/api.w.org\/{rel}","templated":true}]}}