{"id":1368,"date":"2021-11-13T15:52:56","date_gmt":"2021-11-13T15:52:56","guid":{"rendered":"https:\/\/colaboratorioic.org\/quienes\/"},"modified":"2022-06-10T14:13:31","modified_gmt":"2022-06-10T14:13:31","slug":"nork","status":"publish","type":"page","link":"https:\/\/colaboratorioic.org\/eu\/nork\/","title":{"rendered":"Nork"},"content":{"rendered":"<div class=\"wpb-content-wrapper\"><p>[vc_row css_animation=&#8221;fadeIn&#8221; el_class=&#8221;submenus&#8221;][vc_column][vc_row_inner content_placement=&#8221;middle&#8221; css=&#8221;.vc_custom_1648103728313{padding-top: 7vh !important;padding-bottom: 3vh !important;}&#8221;][vc_column_inner width=&#8221;3\/5&#8243;][vc_column_text css_animation=&#8221;fadeIn&#8221; css=&#8221;.vc_custom_1650900953093{margin-bottom: 0px !important;}&#8221;]<\/p>\n<h4>Nortzuk<\/h4>\n<h1>Guztion onurarako harremanak, ezagutzak eta esperientziak ekoizteko eta partekatzeko Komunitateen komunitate ireki eta parte-hartzailea.<\/h1>\n<p>[\/vc_column_text][\/vc_column_inner][vc_column_inner width=&#8221;2\/5&#8243;][vc_single_image image=&#8221;952&#8243; img_size=&#8221;full&#8221; css_animation=&#8221;left-to-right&#8221;][\/vc_column_inner][\/vc_row_inner][vc_icon type=&#8221;material&#8221; icon_material=&#8221;vc-material vc-material-arrow_downward&#8221; color=&#8221;custom&#8221; size=&#8221;lg&#8221; css_animation=&#8221;fadeInDown&#8221; css=&#8221;.vc_custom_1637684991865{margin-bottom: 0px !important;}&#8221; custom_color=&#8221;#acc9b4&#8243;][vc_separator color=&#8221;custom&#8221; border_width=&#8221;2&#8243; accent_color=&#8221;#000000&#8243;][vc_wp_custommenu nav_menu=&#8221;47&#8243; title=&#8221;Nork \/&#8221; el_class=&#8221;subsubmenu&#8221;][vc_separator color=&#8221;custom&#8221; accent_color=&#8221;#000000&#8243;][\/vc_column][\/vc_row][vc_section el_id=&#8221;quienes-somos&#8221;][vc_row][vc_column][vc_row_inner gap=&#8221;35&#8243;][vc_column_inner width=&#8221;1\/3&#8243;][vc_column_text]<\/p>\n<h4>Gu<\/h4>\n<h2>Nondik gatoz?<\/h2>\n<p>[\/vc_column_text][\/vc_column_inner][vc_column_inner width=&#8221;2\/3&#8243;][vc_column_text]<\/p>\n<h5>Colaboratorio IC <a href=\"https:\/\/frenalacurva.net\/colaboratorio\/\" target=\"_blank\" rel=\"noopener\"><em>\u00bfY SI NOS ENREDAMOS?<\/em><\/a> topaketan sortu zen; 2020ko apirilaren amaieran egin zen topaketa hori, COVID-19aren ondorioz konfinamendu bete-betean geundenean, Frena La Curva proiektuaren esparruan, Berrikuntza Herritarraren ekosistema nola sustatu eta artikulatu hausnartzeko.<\/h5>\n<p>Topaketa honen hasierako sustatzaileak honako hauek izan ziren: Laia S\u00e1nchez (Citilab); Ricardo Ant\u00f3n (ColaBoraBora \/ Wikitoki); Javier Ib\u00e1\u00f1ez (Las Naves); Ibai Zabaleta (Medialab Tabakalera); Alberto Flores (Makea Tu Vida); Adrian De Miguel eta Marcos Garc\u00eda (Medialab Prado); Adolfo Chaut\u00f3n, Josian Llorente. 150 lagun baino gehiago aritu ziren (profesionalak, bitartekariak, aktibistak, ikertzaileak\u2026 Gehienak estatu mailakoak, baina Latinoamerikakoak ere bai). Topaketako elkarrizketen, trukeen eta ikaskuntzen ondorioa da <a href=\"https:\/\/frenalacurva.net\/wp-content\/uploads\/2020\/10\/ElColaboratorio.pdf\">argitalpen-txosten<\/a><u> hau,<\/u> eta iturri-kodea eta ibilbide-orria dugu. Eta egiten ari garen urratsen berri duzu <u>denbora lerro honetan<\/u>.[\/vc_column_text][\/vc_column_inner][\/vc_row_inner][vc_row_inner gap=&#8221;35&#8243; css=&#8221;.vc_custom_1645133365609{padding-top: 20px !important;}&#8221;][vc_column_inner width=&#8221;1\/3&#8243;][vc_column_text]<\/p>\n<h2>Komunitatea<\/h2>\n<p>[\/vc_column_text][\/vc_column_inner][vc_column_inner width=&#8221;2\/3&#8243;][vc_column_text]Colaboratorio IC proiektu iraunkorra izateko izpirituarekin sortu zen, Berrikuntza Herritarra eta bertako eragileak ikusgarri bihurtzea, artikulatzea eta berrikuntza sistemako funtsezko zati gisa finkatzea lortu arte aktibo mantentzeko asmoz.<\/p>\n<p>Horretarako, funtsezkoa da komunitate zentzu eta sentimendua sortzea, Herritarren Berrikuntzarekiko interesa izendatzaile komun gisa hartuta. Komunitate bat, \u00a0Colaboratorio ICaren oinarria, edozein dimentsio, jarduera edo tipologiatako (gizarte zibila\/administrazio publikoa\/ezagutza eta ikerketa zentroak\/enpresak eta profesionalak) eragile askotariko eta osagarriek osatua. Harreman esanguratsuak eta zeharkako aliantzak (diziplinakoak, eskumenekoak, lurraldekoak) landu nahi dituzten eragileak, konfiantzatik, aintzatespenetik eta elkarrekikotasunetik abiatuta, modu erantzukide bezain proportzionalean, logika estraktibistetatik ihes eginez.[\/vc_column_text][vc_btn title=&#8221;Bat egin nahi?&#8221; style=&#8221;flat&#8221; shape=&#8221;round&#8221; color=&#8221;vista-blue&#8221; link=&#8221;url:https%3A%2F%2Fcolaboratorioic.org%2Feu%2Fparte-hartu%2F|title:Formulario%3A%20%C2%A1Participa!&#8221;][vc_empty_space][vc_separator color=&#8221;vista_blue&#8221;][vc_column_text]Xede hori lortzeko Berrikuntza Herritarreko komunitate zabala eta anitza izateaz gain, Colaboratorio ICk inplikazio mota ezberdinak dituzten eragileen konpromisoa du garapenerako:[\/vc_column_text][\/vc_column_inner][\/vc_row_inner][vc_row_inner gap=&#8221;35&#8243; el_id=&#8221;agentes-promotores&#8221; css=&#8221;.vc_custom_1645133373070{padding-top: 20px !important;}&#8221;][vc_column_inner width=&#8221;1\/3&#8243;][vc_column_text]<\/p>\n<h3>Eragile sustatzaileak<\/h3>\n<p>[\/vc_column_text][\/vc_column_inner][vc_column_inner width=&#8221;2\/3&#8243;][vc_column_text]Koordinazio Taldea komunitateko kide aktiboak diren erakundeek eta pertsonek osatzen dute, Colaboratorio ICren norabidean eta kudeaketan inplikazio handiena dutenak. Haren estrategian eta ekintza-planean sartzen dute eta baliabide jakinak ematen dituzte haren garapenerako (lanaldian denbora eskaintzen diote, eskura dituzten baliabide materialak eta zerbitzuak, ekimen jakinetarako aurrekontua, jardueraren bat antolatu\u2026).<\/p>\n<p>Agente sustatzailea izan nahi duzu?[\/vc_column_text][vc_btn title=&#8221;Jarri harremanetan!&#8221; style=&#8221;flat&#8221; shape=&#8221;round&#8221; color=&#8221;vista-blue&#8221; link=&#8221;url:https%3A%2F%2Fcolaboratorioic.org%2Feu%2Fcontacto%2F|title:Contacto&#8221;][vc_column_text]Gaur egun, hauek dira Colaboratorio IC sustatzen duten eragileak:[\/vc_column_text][lab_clients column_spacing=&#8221;yes&#8221; image_borders=&#8221;no&#8221; hover_style=&#8221;hover-opacity&#8221; reveal_effect=&#8221;fadeIn-one&#8221; img_size=&#8221;full&#8221; el_class=&#8221;agentespromotores&#8221;][lab_clients_entry image=&#8221;1525&#8243; link=&#8221;url:https%3A%2F%2Fcanodrom.barcelona%2F|target:_blank&#8221; title=&#8221;Ateneu d&#8217;Innovaci\u00f3 Digital i Democr\u00e0tica&#8221;][lab_clients_entry image=&#8221;2922&#8243; title=&#8221;Carpe&#8221; description=&#8221;I am text block. Click edit button to change this text. Lorem ipsum dolor sit amet, consectetur adipiscing elit. Ut elit tellus, luctus nec ullamcorper mattis, pulvinar dapibus leo.&#8221; link=&#8221;url:https%3A%2F%2Fcarpe.studio%2F|target:_blank&#8221;][lab_clients_entry image=&#8221;2438&#8243; title=&#8221;Citilab&#8221; description=&#8221;I am text block. Click edit button to change this text. Lorem ipsum dolor sit amet, consectetur adipiscing elit. Ut elit tellus, luctus nec ullamcorper mattis, pulvinar dapibus leo.&#8221; link=&#8221;url:%20https%3A%2F%2Fwww.citilab.eu%2F|target:_blank&#8221;][lab_clients_entry image=&#8221;54&#8243; title=&#8221;Colaborabora&#8221; description=&#8221;I am text block. Click edit button to change this text. Lorem ipsum dolor sit amet, consectetur adipiscing elit. Ut elit tellus, luctus nec ullamcorper mattis, pulvinar dapibus leo.&#8221; link=&#8221;url:https%3A%2F%2Fwww.colaborabora.org%2F|target:_blank&#8221;][lab_clients_entry image=&#8221;2725&#8243; title=&#8221;ICosistema&#8221; description=&#8221;I am text block. Click edit button to change this text. Lorem ipsum dolor sit amet, consectetur adipiscing elit. Ut elit tellus, luctus nec ullamcorper mattis, pulvinar dapibus leo.&#8221; link=&#8221;target:_blank&#8221;][lab_clients_entry image=&#8221;1520&#8243; title=&#8221;LAAAB&#8221; description=&#8221;I am text block. Click edit button to change this text. Lorem ipsum dolor sit amet, consectetur adipiscing elit. Ut elit tellus, luctus nec ullamcorper mattis, pulvinar dapibus leo.&#8221; link=&#8221;url:https%3A%2F%2Fwww.laaab.es%2F|target:_blank&#8221;][lab_clients_entry image=&#8221;3061&#8243; title=&#8221;Las Naves&#8221; description=&#8221;I am text block. Click edit button to change this text. Lorem ipsum dolor sit amet, consectetur adipiscing elit. Ut elit tellus, luctus nec ullamcorper mattis, pulvinar dapibus leo.&#8221; link=&#8221;url:https%3A%2F%2Fwww.lasnaves.com%2F|target:_blank&#8221;][lab_clients_entry image=&#8221;2431&#8243; title=&#8221;Tabakalera&#8221; description=&#8221;I am text block. Click edit button to change this text. Lorem ipsum dolor sit amet, consectetur adipiscing elit. Ut elit tellus, luctus nec ullamcorper mattis, pulvinar dapibus leo.&#8221; link=&#8221;url:https%3A%2F%2Fwww.tabakalera.eu%2F|target:_blank&#8221;][\/lab_clients][\/vc_column_inner][\/vc_row_inner][vc_row_inner gap=&#8221;35&#8243; css=&#8221;.vc_custom_1645133379902{padding-top: 20px !important;}&#8221;][vc_column_inner width=&#8221;1\/3&#8243;][vc_column_text]<\/p>\n<h3>Eragile laguntzaileak<\/h3>\n<p>[\/vc_column_text][\/vc_column_inner][vc_column_inner width=&#8221;2\/3&#8243;][vc_column_text]Komunitateko kide zuzenak ez izan arren, zuzeneko edo zeharkako eskumenak dituzten erakundeak dira edo Berrikuntza Herritarrari erasaten dioten esparruekin zerikusia duten funtzioak dituztenak eta hortik lagundu nahi diotenak Colaboratorio ICri bere misioa ezartzen. Administrazio publikoak izan daitezke, berrikuntza agentziak, fundazioak, unibertsitateak, ikerketa\u2011zentroak edo enpresak; eta lankidetzan aritzen dira mota askotako loturen eta ekarpenen bidez: baliabide finantzarioak, materialak, ikerketarako edo komunikaziorako materialak; eta\/edo Berrikuntza Herritarrarentzako esparru eta harreman estrategikoetara sarbidea.<\/p>\n<p>Eragile laguntzailea izan nahi duzu?[\/vc_column_text][vc_btn title=&#8221;Jarri harremanetan&#8221; style=&#8221;flat&#8221; shape=&#8221;round&#8221; color=&#8221;vista-blue&#8221; link=&#8221;url:https%3A%2F%2Fcolaboratorioic.org%2Feu%2Fcontacto%2F|title:Formulario%3A%20%C2%A1Participa!&#8221;][vc_column_text]Gaur egun, hauek dira Colaboratorio IC laguntzen duten eragileak:[\/vc_column_text][vc_media_grid element_width=&#8221;3&#8243; item=&#8221;211&#8243; grid_id=&#8221;vc_gid:1654870371290-a3c08897-d58b-6&#8243; include=&#8221;1537&#8243;][\/vc_column_inner][\/vc_row_inner][\/vc_column][\/vc_row][\/vc_section][vc_section el_id=&#8221;beneficios&#8221;][vc_row][vc_column][vc_separator color=&#8221;custom&#8221; accent_color=&#8221;#acc9b4&#8243;][vc_row_inner gap=&#8221;35&#8243;][vc_column_inner width=&#8221;1\/3&#8243;][vc_column_text]<\/p>\n<h4>Onurak<\/h4>\n<h2>Zergatik bat egin Colaboratorio ICrekin?<\/h2>\n<p>[\/vc_column_text][\/vc_column_inner][vc_column_inner width=&#8221;2\/3&#8243;][vc_column_text]Zer emango dizu Colaboratorio ICrekin bat egiteak?<\/p>\n<ul>\n<li><strong>Berrikuntza Herritarraren inguruko komunitate anitz eta aktibo<\/strong> baten kide izatea, ordezkaritza kolektiboa izateko gaitasuna duena, gai- eta lurralde\u2011esparru desberdinetan eragina eta solaskidetza duena.<\/li>\n<li><strong>Antzeko beste eragile batzuekin bat egitea<\/strong>, interes komunak eta profil anitzak dituztenak, begirada, esperientzia eta gaitasun osagarriak dituztenak.<\/li>\n<li>Dagoeneko badauden <strong>itunak sendotzeko bat egitea<\/strong> eta estatuko eta nazioarteko eragileekin harreman berriak finkatzea.<\/li>\n<li>Erronka komunak eta Colaboratorio ICko kide diren eragileen artean garatutako<strong> proiektuen definizioan parte hartzea<\/strong>.<\/li>\n<li>Colaboratorio ICk sortutako eta\/edo partekatutako<strong> azpiegiturak, tresnak eta beste baliabideak eskuratzeko aukera<\/strong> izatea.<\/li>\n<li><strong>Zure jarduerak eta proposamenak<\/strong> interes partekatuko esparruan <strong>ezagutaraztea<\/strong>.<\/li>\n<li>Egiteko moduak, ikaskuntzak eta jardunbide onak<strong> partekatzea.<\/strong><\/li>\n<\/ul>\n<p>Onura komun ugari.<\/p>\n<p>Eta zenbat eta gehiago inplikatu, orduan eta gehiago hartuko duzu![\/vc_column_text][vc_btn title=&#8221;Bat egin nahi?&#8221; style=&#8221;flat&#8221; shape=&#8221;round&#8221; color=&#8221;vista-blue&#8221; link=&#8221;url:https%3A%2F%2Fcolaboratorioic.org%2Feu%2Fparte-hartu%2F|title:Formulario%3A%20%C2%A1Participa!&#8221;][\/vc_column_inner][\/vc_row_inner][\/vc_column][\/vc_row][\/vc_section][vc_section el_id=&#8221;funcionamiento&#8221;][vc_row][vc_column][vc_separator color=&#8221;custom&#8221; accent_color=&#8221;#acc9b4&#8243;][vc_row_inner gap=&#8221;35&#8243;][vc_column_inner width=&#8221;1\/3&#8243;][vc_column_text]<\/p>\n<h4>Funtzionamendua<\/h4>\n<h2>Egitura irekia, parte hartzailea eta dinamikoa<\/h2>\n<p>[\/vc_column_text][\/vc_column_inner][vc_column_inner width=&#8221;2\/3&#8243;][vc_column_text]Colaboratorio ICk ez du forma juridiko propiorik, baizik eta federatuta aritzen da. Konfiantzan, aitormenean, elkarrekikotasunean eta elkar babestean oinarritzen du bere garapena. Eragile kopuru handia eta anitza inplikatzea da gure helburua, proposatzen ditugun parte hartzeko modu eta mailen ondorioz lan autokudeatua, erantzunkidea eta banatua sustatuz.<\/p>\n<p>Colaboratorio ICrekin bat eginez gero, bertako kudeaketa-organoetan hartuko duzu parte eta inplikatuko zara, lantaldeetan, erabakiak hartzeko prozesuetan, aktibatuko diren proiektu zehatzetan, etab.[\/vc_column_text][vc_single_image image=&#8221;3233&#8243; img_size=&#8221;full&#8221; css=&#8221;.vc_custom_1654870408434{padding-right: 30px !important;padding-left: 30px !important;}&#8221;][\/vc_column_inner][\/vc_row_inner][vc_row_inner gap=&#8221;35&#8243;][vc_column_inner width=&#8221;1\/3&#8243;][vc_column_text]<\/p>\n<h3>IC komunitatea<\/h3>\n<p>[\/vc_column_text][\/vc_column_inner][vc_column_inner width=&#8221;2\/3&#8243;][vc_column_text]<\/p>\n<ul>\n<li><strong>Berrikuntza Herritarraren ekosisteman parte hartzeko interesa duten eragileak<\/strong> daude, elkarrekin konektatu nahi dutenak eta aurrerapenen berri izan nahi dutenak, baina konpromiso eta inplikazio maila puntuala edo lasaia dute.<\/li>\n<li>Komunitate osoaren <strong>urteko 2 topaketa<\/strong> izaten ditu gutxienez.<\/li>\n<li>Beharren arabera eboluzionatzen duten <strong>hainbat <a href=\"#_sf8v07bw565v\">informazio eta partaidetza-kanal <\/a><\/strong><\/li>\n<\/ul>\n<p>[\/vc_column_text][\/vc_column_inner][\/vc_row_inner][vc_row_inner gap=&#8221;35&#8243;][vc_column_inner width=&#8221;1\/3&#8243;][vc_column_text]<\/p>\n<h3>Koordinazio taldea<\/h3>\n<p>[\/vc_column_text][\/vc_column_inner][vc_column_inner width=&#8221;2\/3&#8243;][vc_column_text]<\/p>\n<ul>\n<li><strong>Taldekide batzuk partikularrak dira eta beste batzuk Colaboratorio ICko erakundeen ordezkariak<\/strong>, nahiz eragile sustatzaileetakoak nahiz Komunitatearen multzokoak.<\/li>\n<li><strong>Oinarrizko kudeaketa lanak<\/strong> egiten ditu, koordinazioa, idazkaritza teknikoa, komunikazioa, ekosistemaren dinamizazioa\u2026<\/li>\n<li><strong>Irekia eta borondatezkoa<\/strong> da, nahiz eta zeregin batzuetarako liberatuen lana ere erabili daitekeen \u2013horretarako baliabiderik izanez gero-.<\/li>\n<li><strong>Aldiro biltzen da<\/strong>, gutxienez 2 hilean behin.<\/li>\n<\/ul>\n<p>[\/vc_column_text][\/vc_column_inner][\/vc_row_inner][vc_row_inner gap=&#8221;35&#8243; el_class=&#8221;grupostrabajo&#8221;][vc_column_inner width=&#8221;1\/3&#8243;][vc_column_text]<\/p>\n<h3>Lan taldeak<\/h3>\n<p>[\/vc_column_text][\/vc_column_inner][vc_column_inner width=&#8221;2\/3&#8243;][vc_column_text]<\/p>\n<ul>\n<li><strong>Talde egonkorrak edo aldi batekoak<\/strong>,<strong> irekiak,<\/strong> taldearen zereginen eta ekintzen garapenarekin konpromisoa duten pertsonek osatuak.<\/li>\n<li><strong>Talde bakoitzak bere lanerako plana eta operatiba<\/strong> helburuen, pertsona kopuruaren eta inplikazioen arabera definitzen ditu, baita denboraren edo beste baliabide batzuen eskuragarritasunaren arabera ere.<\/li>\n<li><strong>Funtzionamendu adhokratikoa<\/strong> da eta gutxienez bi inplikazio maila proposatzen ditu:<\/li>\n<\/ul>\n<ol>\n<li>\u201cBultza\u201d, koordinatu, prozesua zaindu eta zedarriak betetzen direla zaindu.<\/li>\n<li>Prozesuari lagun egin eta une jakinetan edo zeregin jakinetan aktibatu.<\/li>\n<\/ol>\n<p>[\/vc_column_text][\/vc_column_inner][\/vc_row_inner][\/vc_column][\/vc_row][\/vc_section][vc_section el_id=&#8221;recursos&#8221;][vc_row][vc_column][vc_separator color=&#8221;custom&#8221; accent_color=&#8221;#acc9b4&#8243;][vc_row_inner gap=&#8221;35&#8243;][vc_column_inner width=&#8221;1\/3&#8243;][vc_column_text]<\/p>\n<h4>Baliabideak eta finantziaketa<\/h4>\n<h2>Nola irauten du Colaboratorio ICk?<\/h2>\n<p>[\/vc_column_text][\/vc_column_inner][vc_column_inner width=&#8221;2\/3&#8243;][vc_column_text]Colaboratorio ICren lanaren zati handi bat borondatez egiten da eta bertako eragileen baliabide propioekin. Hau da:<\/p>\n<ul>\n<li><strong>D<\/strong><strong>enbora eskaintzen<\/strong> zaie Colaboratorio ICn garatutako zereginei (kudeaketa, komunikazioa, proposamenak idatzi, euskarri teknikoa&#8230;).<\/li>\n<\/ul>\n<ul>\n<li><strong>Azpiegiturak eta tresnak eskaintzen dira <\/strong>denok erabiltzeko (zerbitzariak, streaminga, lankidetzarako tresnak\u2026) ).<\/li>\n<\/ul>\n<ul>\n<li><strong>Ekosistemako eragileek<\/strong> <strong>dagoeneko kontratatuta izan<\/strong> eta Colaboratorio ICri babesa eman diezaioketen zerbitzuak (adibidez, itzulpenetarako, diseinurako, zerbitzu teknikoetarako, inprimatzeko, bidaietarako\u2026).<\/li>\n<\/ul>\n<ul>\n<li><strong>Aurrekontu partidak gastuak babestu eta kontratazioetarako <\/strong>proiektuak eta\/edo funtzioak garatzeko eta Colaboratorio ICren ekintza-planarekin zerikusia izan eta borondatezko zereginetik harago dauden zerbitzuetarako, jasangarriak ez diren egoerak eta auto-prekarizazioa bultzatuko dutenak saihesteko (koordinazio lanetarako, idazkaritza teknikoa, kudeaketa lanak, erraztea eta lagun egitea, proposamenak prestatu, jarduerak ekoitzi, web programazioa, kontakizunak idazteko\u2026).<\/li>\n<\/ul>\n<p>OHARRA: Colaboratorio ICk ez du oraingoz forma juridiko propiorik finantzazioa edo beste baliabide batzuk zuzenean eskatu edo hartu ahal izateko, beraz, eragile sustatzaileen bidez hartzen dira baliabideak gardentasun-irizpideei jarraituz eta taldean adostutako helburuak eta estrategiak oinarri hartuta.[\/vc_column_text][\/vc_column_inner][\/vc_row_inner][\/vc_column][\/vc_row][vc_row][vc_column][vc_column_text]<\/p>\n<p>[\/vc_column_text][\/vc_column][\/vc_row][vc_row gap=&#8221;35&#8243; content_placement=&#8221;middle&#8221; el_id=&#8221;newsletter&#8221; css=&#8221;.vc_custom_1649222949766{border-top-width: 1px !important;padding-top: 30px !important;padding-bottom: 50px !important;border-top-color: #000000 !important;border-top-style: solid !important;}&#8221;][vc_column width=&#8221;2\/3&#8243;][vc_single_image image=&#8221;1261&#8243; img_size=&#8221;full&#8221; alignment=&#8221;right&#8221; css_animation=&#8221;fadeInLeft&#8221; retina_image=&#8221;yes&#8221; css=&#8221;.vc_custom_1649222711335{padding-left: 30px !important;}&#8221;][\/vc_column][vc_column width=&#8221;1\/3&#8243;][vc_column_text el_class=&#8221;newsletter&#8221;]<\/p>\n<h3>Eman izena gure buletinean<\/h3>\n<p>Herritar Berrikuntzari buruzko azken berriak zure helbide elektronikoan jaso nahi badituzu[\/vc_column_text][vc_btn title=&#8221;HARPIDETU GURE NEWSLETTEREAN&#8221; style=&#8221;outline&#8221; shape=&#8221;round&#8221; color=&#8221;inverse&#8221; align=&#8221;left&#8221; link=&#8221;url:http%3A%2F%2Fcolaboratorioic.org%2Fboletin|target:_blank&#8221;][\/vc_column][\/vc_row][\/vc_section]<\/p>\n<\/div>","protected":false},"excerpt":{"rendered":"<p>[vc_row css_animation=&#8221;fadeIn&#8221; el_class=&#8221;submenus&#8221;][vc_column][vc_row_inner content_placement=&#8221;middle&#8221; css=&#8221;.vc_custom_1648103728313{padding-top: 7vh !important;padding-bottom: 3vh !important;}&#8221;][vc_column_inner width=&#8221;3\/5&#8243;][vc_column_text css_animation=&#8221;fadeIn&#8221; css=&#8221;.vc_custom_1650900953093{margin-bottom: 0px !important;}&#8221;] Nortzuk Guztion onurarako harremanak, ezagutzak eta esperientziak ekoizteko eta partekatzeko Komunitateen komunitate ireki eta parte-hartzailea. [\/vc_column_text][\/vc_column_inner][vc_column_inner width=&#8221;2\/5&#8243;][vc_single_image image=&#8221;952&#8243; img_size=&#8221;full&#8221; css_animation=&#8221;left-to-right&#8221;][\/vc_column_inner][\/vc_row_inner][vc_icon type=&#8221;material&#8221; icon_material=&#8221;vc-material vc-material-arrow_downward&#8221; color=&#8221;custom&#8221; size=&#8221;lg&#8221; css_animation=&#8221;fadeInDown&#8221; css=&#8221;.vc_custom_1637684991865{margin-bottom: 0px !important;}&#8221; custom_color=&#8221;#acc9b4&#8243;][vc_separator color=&#8221;custom&#8221; border_width=&#8221;2&#8243; accent_color=&#8221;#000000&#8243;][vc_wp_custommenu nav_menu=&#8221;47&#8243; title=&#8221;Nork \/&#8221; el_class=&#8221;subsubmenu&#8221;][vc_separator color=&#8221;custom&#8221; accent_color=&#8221;#000000&#8243;][\/vc_column][\/vc_row][vc_section el_id=&#8221;quienes-somos&#8221;][vc_row][vc_column][vc_row_inner gap=&#8221;35&#8243;][vc_column_inner&hellip;<\/p>\n","protected":false},"author":3,"featured_media":953,"parent":0,"menu_order":0,"comment_status":"closed","ping_status":"open","template":"","meta":{"_acf_changed":false,"footnotes":""},"class_list":["post-1368","page","type-page","status-publish","has-post-thumbnail","hentry"],"acf":[],"_links":{"self":[{"href":"https:\/\/colaboratorioic.org\/eu\/wp-json\/wp\/v2\/pages\/1368","targetHints":{"allow":["GET"]}}],"collection":[{"href":"https:\/\/colaboratorioic.org\/eu\/wp-json\/wp\/v2\/pages"}],"about":[{"href":"https:\/\/colaboratorioic.org\/eu\/wp-json\/wp\/v2\/types\/page"}],"author":[{"embeddable":true,"href":"https:\/\/colaboratorioic.org\/eu\/wp-json\/wp\/v2\/users\/3"}],"replies":[{"embeddable":true,"href":"https:\/\/colaboratorioic.org\/eu\/wp-json\/wp\/v2\/comments?post=1368"}],"version-history":[{"count":47,"href":"https:\/\/colaboratorioic.org\/eu\/wp-json\/wp\/v2\/pages\/1368\/revisions"}],"predecessor-version":[{"id":3238,"href":"https:\/\/colaboratorioic.org\/eu\/wp-json\/wp\/v2\/pages\/1368\/revisions\/3238"}],"wp:featuredmedia":[{"embeddable":true,"href":"https:\/\/colaboratorioic.org\/eu\/wp-json\/wp\/v2\/media\/953"}],"wp:attachment":[{"href":"https:\/\/colaboratorioic.org\/eu\/wp-json\/wp\/v2\/media?parent=1368"}],"curies":[{"name":"wp","href":"https:\/\/api.w.org\/{rel}","templated":true}]}}