{"id":2944,"date":"2022-04-19T10:24:39","date_gmt":"2022-04-19T10:24:39","guid":{"rendered":"https:\/\/colaboratorioic.org\/boletin\/"},"modified":"2022-05-03T10:33:37","modified_gmt":"2022-05-03T10:33:37","slug":"butlleti","status":"publish","type":"page","link":"https:\/\/colaboratorioic.org\/ca\/butlleti\/","title":{"rendered":"Butllet\u00ed"},"content":{"rendered":"<div class=\"wpb-content-wrapper\"><p>[vc_row css=&#8221;.vc_custom_1647298287957{margin-top: 10vh !important;margin-bottom: 70px !important;}&#8221;][vc_column width=&#8221;1\/3&#8243;][vc_column_text]<\/p>\n<h4>Butllet\u00ed<\/h4>\n<h2>Subscriu-te al nostre butllet\u00ed<\/h2>\n<p>[\/vc_column_text][\/vc_column][vc_column width=&#8221;2\/3&#8243;][vc_column_text]Nom\u00e9s necessitem saber qui ets i el teu correu.<\/p>\n<h6>*El butllet\u00ed de moment ser\u00e0 en castell\u00e0.<\/h6>\n<p>[\/vc_column_text][vc_empty_space height=&#8221;15px&#8221;][vc_row_inner css=&#8221;.vc_custom_1651501064782{background-color: #ffface !important;}&#8221; el_class=&#8221;formulario&#8221;][vc_column_inner css=&#8221;.vc_custom_1637848154789{padding-top: 0px !important;}&#8221;][vc_column_text el_class=&#8221;newsletter&#8221; css=&#8221;.vc_custom_1651501879859{padding-top: 40px !important;}&#8221;]<div class=\"tnp tnp-subscription \">\n<form method=\"post\" action=\"https:\/\/colaboratorioic.org\/wp-admin\/admin-ajax.php?action=tnp&amp;na=s\">\n<input type=\"hidden\" name=\"nlang\" value=\"ca\">\n<div class=\"tnp-field tnp-field-firstname\"><label for=\"tnp-1\">Nombre<\/label>\n<input class=\"tnp-name\" type=\"text\" name=\"nn\" id=\"tnp-1\" value=\"\" placeholder=\"\" required><\/div>\n<div class=\"tnp-field tnp-field-surname\"><label for=\"tnp-2\">Apellidos<\/label>\n<input class=\"tnp-surname\" type=\"text\" name=\"ns\" id=\"tnp-2\" value=\"\" placeholder=\"\" required><\/div><div class=\"tnp-field tnp-field-email\"><label for=\"tnp-3\">Email<\/label>\n<input class=\"tnp-email\" type=\"email\" name=\"ne\" id=\"tnp-3\" value=\"\" placeholder=\"\" required><\/div>\n<div class=\"tnp-field tnp-lists\"><div class=\"tnp-field tnp-field-checkbox tnp-field-list\"><label for=\"nl5\"><input type=\"checkbox\" id=\"nl5\" name=\"nl[]\" value=\"2\"> Cuidados<\/label><\/div>\n<\/div><div class=\"tnp-field tnp-privacy-field\"><label><input type=\"checkbox\" name=\"ny\" required class=\"tnp-privacy\"> <a target=\"_blank\" href=\"https:\/\/colaboratorioic.org\/reglamento\/\">Si deseas continuar, acepta las pol\u00edticas de privacidad<\/a><\/label><\/div><div class=\"tnp-field tnp-field-button\" style=\"text-align: left\"><input class=\"tnp-submit\" type=\"submit\" value=\"Suscripci\u00f3n\" style=\"\">\n<\/div>\n<\/form>\n<\/div>\n[\/vc_column_text][\/vc_column_inner][\/vc_row_inner][\/vc_column][\/vc_row]<\/p>\n<\/div>","protected":false},"excerpt":{"rendered":"<p>[vc_row css=&#8221;.vc_custom_1647298287957{margin-top: 10vh !important;margin-bottom: 70px !important;}&#8221;][vc_column width=&#8221;1\/3&#8243;][vc_column_text] Butllet\u00ed Subscriu-te al nostre butllet\u00ed [\/vc_column_text][\/vc_column][vc_column width=&#8221;2\/3&#8243;][vc_column_text]Nom\u00e9s necessitem saber qui ets i el teu correu. *El butllet\u00ed de moment ser\u00e0 en castell\u00e0. [\/vc_column_text][vc_empty_space height=&#8221;15px&#8221;][vc_row_inner css=&#8221;.vc_custom_1651501064782{background-color: #ffface !important;}&#8221; el_class=&#8221;formulario&#8221;][vc_column_inner css=&#8221;.vc_custom_1637848154789{padding-top: 0px !important;}&#8221;][vc_column_text el_class=&#8221;newsletter&#8221; css=&#8221;.vc_custom_1651501879859{padding-top: 40px !important;}&#8221;][\/vc_column_text][\/vc_column_inner][\/vc_row_inner][\/vc_column][\/vc_row]<\/p>\n","protected":false},"author":4,"featured_media":1235,"parent":0,"menu_order":0,"comment_status":"closed","ping_status":"closed","template":"","meta":{"_acf_changed":false,"footnotes":""},"class_list":["post-2944","page","type-page","status-publish","has-post-thumbnail","hentry"],"acf":[],"_links":{"self":[{"href":"https:\/\/colaboratorioic.org\/ca\/wp-json\/wp\/v2\/pages\/2944","targetHints":{"allow":["GET"]}}],"collection":[{"href":"https:\/\/colaboratorioic.org\/ca\/wp-json\/wp\/v2\/pages"}],"about":[{"href":"https:\/\/colaboratorioic.org\/ca\/wp-json\/wp\/v2\/types\/page"}],"author":[{"embeddable":true,"href":"https:\/\/colaboratorioic.org\/ca\/wp-json\/wp\/v2\/users\/4"}],"replies":[{"embeddable":true,"href":"https:\/\/colaboratorioic.org\/ca\/wp-json\/wp\/v2\/comments?post=2944"}],"version-history":[{"count":2,"href":"https:\/\/colaboratorioic.org\/ca\/wp-json\/wp\/v2\/pages\/2944\/revisions"}],"predecessor-version":[{"id":2948,"href":"https:\/\/colaboratorioic.org\/ca\/wp-json\/wp\/v2\/pages\/2944\/revisions\/2948"}],"wp:featuredmedia":[{"embeddable":true,"href":"https:\/\/colaboratorioic.org\/ca\/wp-json\/wp\/v2\/media\/1235"}],"wp:attachment":[{"href":"https:\/\/colaboratorioic.org\/ca\/wp-json\/wp\/v2\/media?parent=2944"}],"curies":[{"name":"wp","href":"https:\/\/api.w.org\/{rel}","templated":true}]}}