{"id":1373,"date":"2021-11-12T15:39:25","date_gmt":"2021-11-12T15:39:25","guid":{"rendered":"https:\/\/colaboratorioic.org\/sobre\/"},"modified":"2022-06-10T14:20:06","modified_gmt":"2022-06-10T14:20:06","slug":"sobre","status":"publish","type":"page","link":"https:\/\/colaboratorioic.org\/ca\/sobre\/","title":{"rendered":"Sobre"},"content":{"rendered":"<div class=\"wpb-content-wrapper\"><p>[vc_row css_animation=&#8221;fadeIn&#8221; el_class=&#8221;submenus&#8221;][vc_column][vc_row_inner content_placement=&#8221;middle&#8221; gap=&#8221;30&#8243; css=&#8221;.vc_custom_1648102318716{padding-top: 7vh !important;padding-bottom: 5vh !important;}&#8221;][vc_column_inner width=&#8221;3\/5&#8243;][vc_column_text]<\/p>\n<h4>Sobre<\/h4>\n<h1>Recolzar i facilitar l&#8217;articulaci\u00f3 de l&#8217;ecosistema d&#8217;Innovaci\u00f3 Ciutadana per a abordar juntes els reptes complexos que com a societat tenim per davant.<\/h1>\n<p>[\/vc_column_text][\/vc_column_inner][vc_column_inner width=&#8221;2\/5&#8243;][vc_single_image image=&#8221;941&#8243; img_size=&#8221;full&#8221; css_animation=&#8221;left-to-right&#8221; lazy_load=&#8221;yes&#8221;][\/vc_column_inner][\/vc_row_inner][vc_icon type=&#8221;material&#8221; icon_material=&#8221;vc-material vc-material-arrow_downward&#8221; color=&#8221;custom&#8221; size=&#8221;lg&#8221; css_animation=&#8221;fadeInDown&#8221; css=&#8221;.vc_custom_1648102678134{margin-bottom: 0px !important;}&#8221; custom_color=&#8221;#d3a4e9&#8243;][vc_separator color=&#8221;black&#8221; border_width=&#8221;2&#8243;][vc_wp_custommenu nav_menu=&#8221;44&#8243; title=&#8221;Sobre \/&#8221;][vc_separator color=&#8221;black&#8221;][\/vc_column][\/vc_row][vc_section el_id=&#8221;que&#8221;][vc_row][vc_column][vc_row_inner gap=&#8221;35&#8243;][vc_column_inner width=&#8221;1\/3&#8243;][vc_column_text]<\/p>\n<h4>Qu\u00e8<\/h4>\n<h2>Articular en xarxa<\/h2>\n<p>[\/vc_column_text][\/vc_column_inner][vc_column_inner width=&#8221;2\/3&#8243;][vc_column_text]El <strong>Colaboratorio IC<\/strong> obri un espai de trobada, connexi\u00f3 i acci\u00f3, inclusiu i autoorganitzat, per a articular l\u2019ecosistema d\u2019innovaci\u00f3 ciutadana (IC).<\/p>\n<p>I VOLEM FER-HO AMB TU!<\/p>\n<ul>\n<li><strong>Colaboratorio.<\/strong> Grup de treball obert i distribu\u00eft, que col\u00b7labora i comparteix recursos per a desenvolupar processos i projectes amb objectius comuns.<\/li>\n<li><strong>Innovaci\u00f3 ciutadana (IC).<\/strong> La implicaci\u00f3 de les persones i comunitats afectades per reptes i necessitats diverses, en la coproducci\u00f3 de respostes o solucions significatives i creatives, adaptades a les seues realitats concretes.<\/li>\n<li><strong>Articular.<\/strong> Recon\u00e9ixer, entendre, relacionar i organitzar les diferents parts per a construir una cosa conjuntament (xarxes, projectes, recursos compartits).<\/li>\n<li><strong>Ecosistema.<\/strong> Agents diversos i interdependents que comparteixen un mateix h\u00e0bitat.<\/li>\n<\/ul>\n<p>El Colaboratorio IC naix compartint processos, aprenentatges i recursos amb agents i xarxes, principalment a Iberoam\u00e8rica i Europa.<\/p>\n<p>JUNTES SOM M\u00c9S FORTES![\/vc_column_text][\/vc_column_inner][\/vc_row_inner][\/vc_column][\/vc_row][\/vc_section][vc_section el_id=&#8221;para-que&#8221;][vc_row][vc_column][vc_separator color=&#8221;purple&#8221;][vc_row_inner gap=&#8221;35&#8243;][vc_column_inner width=&#8221;1\/3&#8243;][vc_column_text]<\/p>\n<h4>Per a qu\u00e8<\/h4>\n<h2>Recon\u00e9ixer i visibilitzar<\/h2>\n<p>[\/vc_column_text][\/vc_column_inner][vc_column_inner width=&#8221;2\/3&#8243;][vc_column_text]La innovaci\u00f3 ciutadana fa temps que est\u00e0 madurant, estenent-se, posant-se a prova i aportant solucions. En la multiplicitat de formes i d\u2019expressions que t\u00e9, demostra la seua capacitat i efic\u00e0cia per a contribuir a abordar reptes i situacions en tots els \u00e0mbits de la vida, que, per la seua dimensi\u00f3, complexitat i\/o emerg\u00e8ncia, arriben a desbordar els mateixos sistemes institucionals, tecnocient\u00edfics i de mercat.<\/p>\n<p>Sabem que la innovaci\u00f3 ciutadana \u00e9s determinant en les transformacions i transicions ineludibles que tenim per davant. Per aix\u00f2, necessitem aconseguir que siga m\u00e9s visible i reconeguda i que compte amb els suports i els recursos per a desenvoluparn-ne tot el potencial.<\/p>\n<p>\u00c9s important organitzar i activar l\u2019ecosistema d\u2019innovaci\u00f3 amb el focus en la innovaci\u00f3 ciutadana, tant en les seues pr\u00e0ctiques com en els resultats. Perqu\u00e8, per a respondre als reptes actuals, necessitem un ecosistema actiu, ric i divers que implique la ciutadania.[\/vc_column_text][\/vc_column_inner][\/vc_row_inner][\/vc_column][\/vc_row][\/vc_section][vc_section el_id=&#8221;como&#8221;][vc_row][vc_column][vc_separator color=&#8221;purple&#8221;][vc_row_inner gap=&#8221;35&#8243;][vc_column_inner width=&#8221;1\/3&#8243;][vc_column_text]<\/p>\n<h4>Com<\/h4>\n<h2>Reflexionar i proposar<\/h2>\n<p>[\/vc_column_text][\/vc_column_inner][vc_column_inner width=&#8221;2\/3&#8243;][vc_column_text]El Colaboratorio IC promou i dona a con\u00e9ixer la innovaci\u00f3 ciutadana mitjan\u00e7ant processos d\u2019intel\u00b7lig\u00e8ncia col\u00b7lectiva que parteixen d\u2019aquestes preguntes:<\/p>\n<ul>\n<li>Com afavorim el desenvolupament i la sostenibilitat dels ecosistemes d\u2019innovaci\u00f3 ciutadana, la col\u00b7laboraci\u00f3 i la hibridaci\u00f3 entre agents diversos, aix\u00ed com l\u2019escalatge i la transfer\u00e8ncia de les seues aportacions? Com connectem les diferents escales territorials i competencials per a compondre un sistema federat?<\/li>\n<li>Com impulsem i estenem la innovaci\u00f3 ciutadana com a pr\u00e0ctica continuada i quotidiana, m\u00e9s enll\u00e0 dels moments excepcionals i d\u2019emerg\u00e8ncia? Com la connectem amb la participaci\u00f3 democr\u00e0tica? Com la connectem amb la gent, amb les seues problem\u00e0tiques i els seus projectes de vida?<\/li>\n<li>Com aconseguim les condicions i els recursos perqu\u00e8 la innovaci\u00f3 ciutadana es convertisca en un element clau per a respondre als reptes i desafiaments que tenim per davant com a societat?<\/li>\n<li>Com incorporem la l\u00f2gica de la innovaci\u00f3 ciutadana i els laboratoris a una xarxa m\u00e9s \u00e0mplia i diversificada d\u2019equipaments locals com ara escoles, biblioteques, ambulatoris, centres culturals i comunitaris, poliesportius, telecentres, oficines d\u2019ocupaci\u00f3\u2026?<\/li>\n<li>Com reivindiquem el rol de la innovaci\u00f3 ciutadana com un \u00e0mbit espec\u00edfic del sistema de ci\u00e8ncia, tecnologia i innovaci\u00f3? Com combinem la innovaci\u00f3 ciutadana amb altres formes d\u2019innovaci\u00f3 com la social, l\u2019oberta, la p\u00fablica, la cultural o la digital?<\/li>\n<\/ul>\n<p>Per a respondre a totes aquestes preguntes, apliquem les l\u00f2giques de la innovaci\u00f3 ciutadana: la col\u00b7laboraci\u00f3 en xarxa, la implicaci\u00f3 dels subjectes afectats o la generaci\u00f3 de respostes temptatives en forma de prototips.[\/vc_column_text][\/vc_column_inner][\/vc_row_inner][\/vc_column][\/vc_row][\/vc_section][vc_section el_id=&#8221;objetivos&#8221;][vc_row][vc_column][vc_separator color=&#8221;purple&#8221;][vc_row_inner gap=&#8221;35&#8243;][vc_column_inner width=&#8221;1\/3&#8243;][vc_column_text]<\/p>\n<h4>Objectius<\/h4>\n<h2>Fer costat, acompanyar i facilitar<\/h2>\n<p>[\/vc_column_text][\/vc_column_inner][vc_column_inner width=&#8221;2\/3&#8243;][vc_column_text]L\u2019objectiu principal del Colaboratorio IC \u00e9s fer costat, acompanyar i facilitar l\u2019articulaci\u00f3 de l\u2019ecosistema de la innovaci\u00f3 ciutadana orientant la nostra acci\u00f3 a:<\/p>\n<ul>\n<li><strong>Identificar i visibilitzar<\/strong> els seus agents respectant la naturalesa diversa, complement\u00e0ria i corresponsable d\u2019aquests.<\/li>\n<li><strong>Connectar i mobilitzar<\/strong>\u00a0els agents, refor\u00e7ar totes les coses positives que ja es fan i promoure la col\u00b7laboraci\u00f3 i les relacions significatives, sostenibles i viables.<\/li>\n<li><strong>Desenvolupar<\/strong> acords i projectes concrects sobre reptes comuns.<\/li>\n<li><strong>Compartir i coproduir <\/strong>infraestructures, eines, metodologies i recursos que faciliten la col\u00b7laboraci\u00f3.<\/li>\n<li><strong>Augmentar i transferir<\/strong> la pot\u00e8ncia i els aprenentatges de la innovaci\u00f3 ciutadana a diferents \u00e0mbits d\u2019actuaci\u00f3 sectorials i territorials.<\/li>\n<li><strong>Divulgar i sensibilitzar<\/strong> sobre la capacitat transformadora i cohesionadora de la innovaci\u00f3 ciutadana i implicar-hi institucions, agents socials, mitjans de comunicaci\u00f3, etc.<\/li>\n<\/ul>\n<p>[\/vc_column_text][\/vc_column_inner][\/vc_row_inner][\/vc_column][\/vc_row][\/vc_section][vc_section el_id=&#8221;innovacion-ciudadana&#8221;][vc_row][vc_column][vc_separator color=&#8221;purple&#8221;][vc_row_inner gap=&#8221;35&#8243;][vc_column_inner width=&#8221;1\/3&#8243;][vc_column_text]<\/p>\n<h4>Innovaci\u00f3 Ciutadana<\/h4>\n<h2>Una definici\u00f3 sempre oberta<\/h2>\n<p>[\/vc_column_text][\/vc_column_inner][vc_column_inner width=&#8221;2\/3&#8243;][vc_column_text]La innovaci\u00f3 ciutadana sorgeix de la implicaci\u00f3 activa de la societat civil, de les persones i comunitats afectades i interessades en cada desafiament. Es coprodueix gr\u00e0cies a la interacci\u00f3 d\u2019agents diversos, hibridant el coneixement t\u00e8cnic i expert amb l\u2019amateur, l\u2019experiencial i el vivencial. Cerca, col\u00b7lectivament, respostes que adopten tota mena de formats (serveis, productes, processos, pol\u00edtiques\u2026) que milloren la vida i l\u2019entorn, i que, si funcionen, puguen desenvolupar-se tamb\u00e9 a una escala m\u00e9s gran i\/o transferir-se a altres llocs.<\/p>\n<p>Per al Colaboratorio IC, la innovaci\u00f3 ciutadana \u00e9s una etiqueta oberta, transversal, lliure de prejudicis, apropiable i adaptable des d\u2019\u00e0mbits diversos com la cultura, la ci\u00e8ncia, l\u2019educaci\u00f3, el medi ambient, la salut, l\u2019acci\u00f3 social, l\u2019economia, l\u2019esport, la tecnologia\u2026 S\u2019enriqueix m\u00e9s com m\u00e9s s\u2019amplia![\/vc_column_text][\/vc_column_inner][\/vc_row_inner][vc_row_inner gap=&#8221;35&#8243;][vc_column_inner width=&#8221;1\/3&#8243;][vc_column_text]<\/p>\n<h3>Social, oberta, p\u00fablica, cultural i digital<\/h3>\n<p>[\/vc_column_text][\/vc_column_inner][vc_column_inner width=&#8221;2\/3&#8243;][vc_column_text]La Innovaci\u00f3 Ciutadana posa el focus en la incorporaci\u00f3 de la societat civil en la cerca de respostes a reptes complexos; a m\u00e9s, posa en el centre els seus coneixements, experi\u00e8ncies, prioritats o perspectives. La seua pot\u00e8ncia s\u2019enriqueix i es refor\u00e7a quan es complementa transversalment amb altres formes d\u2019innovaci\u00f3, de la mateixa manera que aquestes altres formes ho fan quan incorporen el factor ciutad\u00e0.<\/p>\n<ul>\n<li><strong>Innovaci\u00f3 Social: <\/strong>la cerca de solucions i millores significatives i en benefici com\u00fa, per a reptes i desafiaments relacionats amb qualsevol \u00e0mbit de la vida: salut, medi ambient, educaci\u00f3, models productius, alimentaci\u00f3, mobilitat, cures, desigualtats\u2026<\/li>\n<li><strong>Innovaci\u00f3 Oberta:<\/strong> la\u00a0coproducci\u00f3 de nous coneixements i experi\u00e8ncies de manera col\u00b7laborativa i distribu\u00efda, gr\u00e0cies a les l\u00f2giques de funcionament de la intel\u00b7lig\u00e8ncia col\u00b7lectiva, el codi obert o l\u2019\u00e8tica hacker, per a afavorir la cooperaci\u00f3 i la transpar\u00e8ncia, aix\u00ed com all\u00f2 que es pot escalar, replicar i transferir.<\/li>\n<li><strong>Innovaci\u00f3 P\u00fablica:<\/strong> la generaci\u00f3 de valor p\u00fablic, tant per a renovar i enfortir el sistema p\u00fablic (nous serveis, procediments, formes de participaci\u00f3\u2026), com per a desenvolupar projectes transformadors des dels seus diferents \u00e0mbits de compet\u00e8ncia, en claus de col\u00b7laboraci\u00f3 publicosocial.<\/li>\n<li><strong>Innovaci\u00f3 Cultural:<\/strong> la creaci\u00f3 de nous relats, significats, relacions o costums, mitjan\u00e7ant la imaginaci\u00f3, les arts i la creativitat, posant en q\u00fcesti\u00f3 i ampliant els nostres l\u00edmits i convencions de manera experimental i assegurant l\u2019extensi\u00f3 dels drets culturals per al conjunt de la ciutadania.<\/li>\n<li><strong>Innovaci\u00f3 Digital:<\/strong> el desenvolupament \u00e8tic i t\u00e8cnic d\u2019entorns, eines i usos socials basats en tecnologies emergents (plataformes col\u00b7laboratives, internet de les coses, big data, fabricaci\u00f3 digital, blockchain, intel\u00b7lig\u00e8ncia artificial\u2026), promovent la sobirania tecnol\u00f2gica i la superaci\u00f3 de la bretxa digital<\/li>\n<\/ul>\n<p>[\/vc_column_text][\/vc_column_inner][\/vc_row_inner][\/vc_column][\/vc_row][\/vc_section][vc_section el_id=&#8221;marco-comun&#8221;][vc_row][vc_column][vc_separator color=&#8221;purple&#8221;][vc_row_inner gap=&#8221;35&#8243;][vc_column_inner width=&#8221;1\/3&#8243;][vc_column_text]<\/p>\n<h4>Marc Com\u00fa<\/h4>\n<h2>Des d&#8217;una l\u00f2gica de Quintuple H\u00e8lix<\/h2>\n<p>[\/vc_column_text][\/vc_column_inner][vc_column_inner width=&#8221;2\/3&#8243;][vc_column_text]La Innovaci\u00f3 Ciutadana se situa en el marc de la innovaci\u00f3 de Quintuple H\u00e8lix,<br \/>\nque suposa la superaci\u00f3 del model tradicional de Triple H\u00e8lix (administraci\u00f3 p\u00fablica \/ centres de coneixement i recerca \/ empreses i professionals). Aquest model s&#8217;amplia primer amb la Qu\u00e0druple H\u00e8lix, sumant compet\u00e8ncies, sabers i palanques des de la societat civil (ciutadania organitzada i no-organitzada) i incorpora tamb\u00e9 la Cinquena, aix\u00f2 \u00e9s, les condicions i particularitats del territori, el propi context situat en qu\u00e8 es genera la innovaci\u00f3.<\/p>\n<p>L&#8217;\u00e8xit de la innovaci\u00f3 des de la Quintuple H\u00e8lix es basa en la suma de diversitat i la complementarietat entre agents i a no fer un repartiment de rols parcel\u00b7lat entre les diferents h\u00e8lixs, sin\u00f3 afavorir els fluxos, interaccions i relacions mixtes-h\u00edbrides entre elles. En aquest sentit \u00e9s fonamental desplegar tot el potencial de la ciutadania com a agent co-productor d&#8217;innovaci\u00f3, que podria introduir canvis m\u00e9s disruptius en la manera d&#8217;abordar els processos d&#8217;innovaci\u00f3 i de buscar i tal vegada aconseguir un altre tipus de resultats.[\/vc_column_text][vc_single_image image=&#8221;3270&#8243; img_size=&#8221;full&#8221; alignment=&#8221;center&#8221; css_animation=&#8221;fadeIn&#8221; lazy_load=&#8221;yes&#8221; css=&#8221;.vc_custom_1654870804877{margin-right: 0px !important;margin-left: 0px !important;padding-right: 0px !important;padding-left: 0px !important;}&#8221;][vc_empty_space][\/vc_column_inner][\/vc_row_inner][vc_row_inner gap=&#8221;35&#8243;][vc_column_inner width=&#8221;1\/3&#8243;][vc_column_text]<\/p>\n<h3>Una rosquilla d&#8217;ODS<\/h3>\n<p>[\/vc_column_text][\/vc_column_inner][vc_column_inner width=&#8221;2\/3&#8243;][vc_column_text]En el Colaboratorio IC prenem com a refer\u00e8ncia l&#8217;<strong>Econom\u00eda Rosquilla<\/strong> que situa la innovaci\u00f3 ciutadana en un marc ampli i de l\u00edmits clars que proporcionen un espai segur i just per a la vida. El seu centre posa el l\u00edmit en els <strong>M\u00ednims Socials<\/strong> que cobrisquen les necessitats b\u00e0siques de les persones; i, cap a l\u2019exterior, el seu l\u00edmit proposa un <strong>Llindar Ecol\u00f2gic<\/strong> per a aconseguir que les nostres accions tinguen un \u201cimpacte 0\u201d en el planeta.[\/vc_column_text][vc_single_image image=&#8221;2404&#8243; img_size=&#8221;full&#8221; alignment=&#8221;center&#8221; css_animation=&#8221;fadeIn&#8221; lazy_load=&#8221;yes&#8221; css=&#8221;.vc_custom_1650862066236{padding-right: 30px !important;padding-left: 30px !important;}&#8221;][vc_column_text]Un mapa d\u2019actuaci\u00f3 que s\u2019enriqueix quan s\u2019hi incorporen els <strong>Objectius de Desenvolupament Sostenible (ODS)<\/strong> l\u2019Agenda 2030 de l\u2019ONU. Des del col\u00b7laboratori IC subdividim els ODS en dos grups interrelacionats:<\/p>\n<ol>\n<li><strong>ODS COMUNS<\/strong>, en els l\u00edmits interior i exterior de la rosquilla, que han de ser presents en totes les nostres accions i que tenen a veure, d\u2019una banda, amb els m\u00ednims socials (ODS 1 Fi de la pobresa, ODS 2 Fam zero i ODS 3 Salut i benestar), i, d\u2019altra banda, amb el llindar ecol\u00f2gic (ODS 13 Acci\u00f3 pel clima, ODS 14 Vida submarina i ODS 15 Vida d\u2019ecosistemes terrestres).<\/li>\n<li><strong>ODS OPERATIUS<\/strong> (tots els ODS entre l\u2019ODS 4 i l\u2019ODS 12, a m\u00e9s de l\u2019ODS 16), que ocupen el centre de la rosquilla i varien en funci\u00f3 dels interessos, els objectius i les intencions de cada projecte.<\/li>\n<\/ol>\n<p>A m\u00e9s, de manera transversal opera l&#8217;<strong>ODS 17 centrat a establir aliances<\/strong>. I hi sumem un <strong>ODS+ Cultura per al canvi<\/strong>, que adopta la mirada antropol\u00f2gica de la cultura que fa la UNESCO.[\/vc_column_text][vc_single_image image=&#8221;862&#8243; img_size=&#8221;full&#8221; alignment=&#8221;center&#8221; css_animation=&#8221;fadeIn&#8221; lazy_load=&#8221;yes&#8221; css=&#8221;.vc_custom_1650171652558{margin-right: 0px !important;margin-left: 0px !important;padding-right: 0px !important;padding-left: 0px !important;}&#8221;][\/vc_column_inner][\/vc_row_inner][\/vc_column][\/vc_row][vc_row][vc_column][vc_column_text]<\/p>\n<p>[\/vc_column_text][\/vc_column][\/vc_row][vc_row gap=&#8221;35&#8243; content_placement=&#8221;middle&#8221; el_id=&#8221;newsletter&#8221; css=&#8221;.vc_custom_1649222949766{border-top-width: 1px !important;padding-top: 30px !important;padding-bottom: 50px !important;border-top-color: #000000 !important;border-top-style: solid !important;}&#8221;][vc_column width=&#8221;2\/3&#8243;][vc_single_image image=&#8221;1261&#8243; img_size=&#8221;full&#8221; alignment=&#8221;right&#8221; css_animation=&#8221;fadeInLeft&#8221; css=&#8221;.vc_custom_1650171708445{padding-left: 30px !important;}&#8221;][\/vc_column][vc_column width=&#8221;1\/3&#8243;][vc_column_text el_class=&#8221;newsletter&#8221;]<\/p>\n<h3>Subscriu-te al nostre butllet\u00ed<\/h3>\n<p>Vols que la Innovaci\u00f3 Ciutadana arribe directament al teu email?[\/vc_column_text][vc_btn title=&#8221;M&#8217;APUNTE!&#8221; style=&#8221;outline&#8221; shape=&#8221;round&#8221; color=&#8221;inverse&#8221; align=&#8221;left&#8221; link=&#8221;url:https%3A%2F%2Fcolaboratorioic.org%2Fca%2Fbutlleti%2F&#8221;][\/vc_column][\/vc_row][\/vc_section]<\/p>\n<\/div>","protected":false},"excerpt":{"rendered":"<p>[vc_row css_animation=&#8221;fadeIn&#8221; el_class=&#8221;submenus&#8221;][vc_column][vc_row_inner content_placement=&#8221;middle&#8221; gap=&#8221;30&#8243; css=&#8221;.vc_custom_1648102318716{padding-top: 7vh !important;padding-bottom: 5vh !important;}&#8221;][vc_column_inner width=&#8221;3\/5&#8243;][vc_column_text] Sobre Recolzar i facilitar l&#8217;articulaci\u00f3 de l&#8217;ecosistema d&#8217;Innovaci\u00f3 Ciutadana per a abordar juntes els reptes complexos que com a societat tenim per davant. [\/vc_column_text][\/vc_column_inner][vc_column_inner width=&#8221;2\/5&#8243;][vc_single_image image=&#8221;941&#8243; img_size=&#8221;full&#8221; css_animation=&#8221;left-to-right&#8221; lazy_load=&#8221;yes&#8221;][\/vc_column_inner][\/vc_row_inner][vc_icon type=&#8221;material&#8221; icon_material=&#8221;vc-material vc-material-arrow_downward&#8221; color=&#8221;custom&#8221; size=&#8221;lg&#8221; css_animation=&#8221;fadeInDown&#8221; css=&#8221;.vc_custom_1648102678134{margin-bottom: 0px !important;}&#8221; custom_color=&#8221;#d3a4e9&#8243;][vc_separator color=&#8221;black&#8221; border_width=&#8221;2&#8243;][vc_wp_custommenu nav_menu=&#8221;44&#8243; title=&#8221;Sobre \/&#8221;][vc_separator&hellip;<\/p>\n","protected":false},"author":3,"featured_media":943,"parent":0,"menu_order":0,"comment_status":"closed","ping_status":"open","template":"","meta":{"_acf_changed":false,"footnotes":""},"class_list":["post-1373","page","type-page","status-publish","has-post-thumbnail","hentry"],"acf":[],"_links":{"self":[{"href":"https:\/\/colaboratorioic.org\/ca\/wp-json\/wp\/v2\/pages\/1373","targetHints":{"allow":["GET"]}}],"collection":[{"href":"https:\/\/colaboratorioic.org\/ca\/wp-json\/wp\/v2\/pages"}],"about":[{"href":"https:\/\/colaboratorioic.org\/ca\/wp-json\/wp\/v2\/types\/page"}],"author":[{"embeddable":true,"href":"https:\/\/colaboratorioic.org\/ca\/wp-json\/wp\/v2\/users\/3"}],"replies":[{"embeddable":true,"href":"https:\/\/colaboratorioic.org\/ca\/wp-json\/wp\/v2\/comments?post=1373"}],"version-history":[{"count":25,"href":"https:\/\/colaboratorioic.org\/ca\/wp-json\/wp\/v2\/pages\/1373\/revisions"}],"predecessor-version":[{"id":3275,"href":"https:\/\/colaboratorioic.org\/ca\/wp-json\/wp\/v2\/pages\/1373\/revisions\/3275"}],"wp:featuredmedia":[{"embeddable":true,"href":"https:\/\/colaboratorioic.org\/ca\/wp-json\/wp\/v2\/media\/943"}],"wp:attachment":[{"href":"https:\/\/colaboratorioic.org\/ca\/wp-json\/wp\/v2\/media?parent=1373"}],"curies":[{"name":"wp","href":"https:\/\/api.w.org\/{rel}","templated":true}]}}