{"id":1369,"date":"2021-11-13T15:52:56","date_gmt":"2021-11-13T15:52:56","guid":{"rendered":"https:\/\/colaboratorioic.org\/quienes\/"},"modified":"2022-06-10T14:14:14","modified_gmt":"2022-06-10T14:14:14","slug":"qui","status":"publish","type":"page","link":"https:\/\/colaboratorioic.org\/ca\/qui\/","title":{"rendered":"Qui"},"content":{"rendered":"<div class=\"wpb-content-wrapper\"><p>[vc_row css_animation=&#8221;fadeIn&#8221; el_class=&#8221;submenus&#8221;][vc_column][vc_row_inner content_placement=&#8221;middle&#8221; css=&#8221;.vc_custom_1648103728313{padding-top: 7vh !important;padding-bottom: 3vh !important;}&#8221;][vc_column_inner width=&#8221;3\/5&#8243;][vc_column_text css_animation=&#8221;fadeIn&#8221; css=&#8221;.vc_custom_1650480143157{margin-bottom: 0px !important;}&#8221;]<\/p>\n<h4>Qui<\/h4>\n<h1>Una comunitat de comunitats, oberta i participativa, en la qual relacionar-se, produir i compartir coneixements i experi\u00e8ncies en benefici com\u00fa.<\/h1>\n<p>[\/vc_column_text][\/vc_column_inner][vc_column_inner width=&#8221;2\/5&#8243;][vc_single_image image=&#8221;952&#8243; img_size=&#8221;full&#8221; css_animation=&#8221;left-to-right&#8221;][\/vc_column_inner][\/vc_row_inner][vc_icon type=&#8221;material&#8221; icon_material=&#8221;vc-material vc-material-arrow_downward&#8221; color=&#8221;custom&#8221; size=&#8221;lg&#8221; css_animation=&#8221;fadeInDown&#8221; css=&#8221;.vc_custom_1637684991865{margin-bottom: 0px !important;}&#8221; custom_color=&#8221;#acc9b4&#8243;][vc_separator color=&#8221;custom&#8221; border_width=&#8221;2&#8243; accent_color=&#8221;#000000&#8243;][vc_wp_custommenu nav_menu=&#8221;22&#8243; title=&#8221;Qui\u00e9nes &gt;&#8221; el_class=&#8221;subsubmenu&#8221;][vc_separator color=&#8221;custom&#8221; accent_color=&#8221;#000000&#8243;][\/vc_column][\/vc_row][vc_section el_id=&#8221;quienes-somos&#8221;][vc_row][vc_column][vc_row_inner gap=&#8221;35&#8243;][vc_column_inner width=&#8221;1\/3&#8243;][vc_column_text]<\/p>\n<h4>Som<\/h4>\n<h2>D&#8217;on venim?<\/h2>\n<p>[\/vc_column_text][\/vc_column_inner][vc_column_inner width=&#8221;2\/3&#8243;][vc_column_text]<\/p>\n<h5>El Colaboratorio IC sorgeix de la trobada <a href=\"https:\/\/frenalacurva.net\/colaboratorio\/\" target=\"_blank\" rel=\"noopener\"><em>I SI ENS ENXARCIEM?<\/em><\/a> celebrada a finals d\u2019abril de 2020, en ple confinament per la COVID-19, en el marc del projecte \u201cFrena la corba\u201d, per a reflexionar sobre com promoure i articular l\u2019ecosistema d\u2019innovaci\u00f3 ciutadana.<\/h5>\n<p>Aquesta trobada va estar promoguda inicialment per Laia S\u00e1nchez (Citilab), Ricardo Ant\u00f3n (ColaBoraBora \/ Wikitoki), Javier Ib\u00e1\u00f1ez (Las Naves), Ibai Zabaleta (Hirikilabs \/ Tabakalera), Alberto Flores (Makea Tu Vida), Adri\u00e1n de Miguel i Marcos Garc\u00eda (Medialab Prado), Adolfo Chaut\u00f3n i Josian Llorente. Va implicar m\u00e9s de 150 persones (professionals, mediadores, activistes, investigadores, etc. principalment de l\u2019\u00e0mbit estatal i tamb\u00e9 llatinoameric\u00e0). De les converses, dels intercanvis i els aprenentatges que all\u00ed es van produir va sorgir aquesta <a href=\"https:\/\/frenalacurva.net\/wp-content\/uploads\/2020\/10\/ElColaboratorio.pdf\" target=\"_blank\" rel=\"noopener\">publicaci\u00f3-informe<\/a> que usem com a codi font i full de ruta. Pots con\u00e9ixer els passos que es van fent en <a href=\"https:\/\/cdn.knightlab.com\/libs\/timeline3\/latest\/embed\/index.html?source=1OdcXgbMG9vtjWUKIWL8avVpWfMnsa6w6OIkijj3w2xU&amp;font=Default&amp;lang=en&amp;initial_zoom=2&amp;height=650\" target=\"_blank\" rel=\"noopener\">aquesta l\u00ednia del temps<\/a>.[\/vc_column_text][\/vc_column_inner][\/vc_row_inner][vc_row_inner gap=&#8221;35&#8243; css=&#8221;.vc_custom_1645133365609{padding-top: 20px !important;}&#8221;][vc_column_inner width=&#8221;1\/3&#8243;][vc_column_text]<\/p>\n<h2>Ser comunitat<\/h2>\n<p>[\/vc_column_text][\/vc_column_inner][vc_column_inner width=&#8221;2\/3&#8243;][vc_column_text]El Colaboratorio IC va n\u00e0ixer amb esperit de continu\u00eftat, amb la intenci\u00f3 de mantindre\u2019s actiu el temps que siga necessari per a aconseguir que la innovaci\u00f3 ciutadana i els seus agents es visibilitzen, s\u2019articulen i es consoliden com una part vital del sistema d\u2019innovaci\u00f3.<\/p>\n<p>Per a aix\u00f2 \u00e9s fonamental generar un sentit i un sentiment de comunitat, amb l&#8217;inter\u00e9s per la Innovaci\u00f3 Ciutadana com a com\u00fa denominador. Una comunitat, que \u00e9s la base del Colaboratorio IC, composta per agents diversos i complementaris, de qualsevol dimensi\u00f3, \u00e0mbit d&#8217;activitat o tipologia (societat civil \/ administraci\u00f3 p\u00fablica \/ centres de coneixement i investigaci\u00f3 \/ empreses i professionals). Agents que vulguen cultivar relacions significatives i aliances transversals (disciplinares, competencials, territorials), des de la confian\u00e7a, el reconeixement i la reciprocitat, de forma tan corresponsable com proporcional, fugint de l\u00f2giques extractivistes.[\/vc_column_text][vc_btn title=&#8221;Et sumes?&#8221; style=&#8221;flat&#8221; shape=&#8221;round&#8221; color=&#8221;vista-blue&#8221; link=&#8221;url:https%3A%2F%2Fcolaboratorioic.org%2Fca%2Fparticipa%2F|title:Formulari%3A%20Participa!&#8221;][vc_empty_space][vc_separator color=&#8221;vista_blue&#8221;][vc_column_text]A m\u00e9s d\u2019una \u00e0mplia i diversa comunitat de la innovaci\u00f3 ciutadana, el Colaboratorio IC compta, per al seu desenvolupament, amb el comprom\u00eds d&#8217;altres figures amb diferents tipus d&#8217;implicaci\u00f3.[\/vc_column_text][\/vc_column_inner][\/vc_row_inner][vc_row_inner gap=&#8221;35&#8243; el_id=&#8221;agentes-promotores&#8221; css=&#8221;.vc_custom_1645133373070{padding-top: 20px !important;}&#8221;][vc_column_inner width=&#8221;1\/3&#8243;][vc_column_text]<\/p>\n<h3>Agents promotors<\/h3>\n<p>[\/vc_column_text][\/vc_column_inner][vc_column_inner width=&#8221;2\/3&#8243;][vc_column_text]S\u00f3n aquelles entitats que formen part activa de la comunitat i s\u2019impliquen especialment en l\u2019orientaci\u00f3 i la gesti\u00f3 del Colaboratorio IC i passen a formar part del grup de coordinaci\u00f3 d\u2019aquest. A m\u00e9s, l\u2019incorporen a la seua estrat\u00e8gia i pla d\u2019acci\u00f3 i aporten recursos concrets per a desenvolupar-lo (temps de dedicaci\u00f3 en la seua jornada laboral, recursos materials i serveis dels quals disposen, pressupost per a iniciatives concretes, organitzaci\u00f3 d\u2019alguna activitat\u2026).<\/p>\n<p>T\u2019agradaria implicar-te com a agent promotor?[\/vc_column_text][vc_btn title=&#8221;Posa&#8217;t en contacte!&#8221; style=&#8221;flat&#8221; shape=&#8221;round&#8221; color=&#8221;vista-blue&#8221; link=&#8221;url:https%3A%2F%2Fcolaboratorioic.org%2Fca%2Fcontacte%2F|title:Contacte&#8221;][vc_column_text]Actualmente los agentes promotores del Colaboratorio IC son:[\/vc_column_text][lab_clients column_spacing=&#8221;yes&#8221; image_borders=&#8221;no&#8221; hover_style=&#8221;hover-opacity&#8221; reveal_effect=&#8221;fadeIn-one&#8221; img_size=&#8221;full&#8221; el_class=&#8221;agentespromotores&#8221;][lab_clients_entry image=&#8221;1525&#8243; link=&#8221;url:https%3A%2F%2Fcanodrom.barcelona%2F|target:_blank&#8221; title=&#8221;Ateneu d&#8217;Innovaci\u00f3 Digital i Democr\u00e0tica&#8221;][lab_clients_entry image=&#8221;2922&#8243; title=&#8221;Carpe&#8221; description=&#8221;I am text block. Click edit button to change this text. Lorem ipsum dolor sit amet, consectetur adipiscing elit. Ut elit tellus, luctus nec ullamcorper mattis, pulvinar dapibus leo.&#8221; link=&#8221;url:https%3A%2F%2Fcarpe.studio%2F|target:_blank&#8221;][lab_clients_entry image=&#8221;2438&#8243; title=&#8221;Citilab&#8221; description=&#8221;I am text block. Click edit button to change this text. Lorem ipsum dolor sit amet, consectetur adipiscing elit. Ut elit tellus, luctus nec ullamcorper mattis, pulvinar dapibus leo.&#8221; link=&#8221;url:%20https%3A%2F%2Fwww.citilab.eu%2F|target:_blank&#8221;][lab_clients_entry image=&#8221;54&#8243; title=&#8221;Colaborabora&#8221; description=&#8221;I am text block. Click edit button to change this text. Lorem ipsum dolor sit amet, consectetur adipiscing elit. Ut elit tellus, luctus nec ullamcorper mattis, pulvinar dapibus leo.&#8221; link=&#8221;url:https%3A%2F%2Fwww.colaborabora.org%2F|target:_blank&#8221;][lab_clients_entry image=&#8221;2725&#8243; title=&#8221;ICosistema&#8221; description=&#8221;I am text block. Click edit button to change this text. Lorem ipsum dolor sit amet, consectetur adipiscing elit. Ut elit tellus, luctus nec ullamcorper mattis, pulvinar dapibus leo.&#8221; link=&#8221;target:_blank&#8221;][lab_clients_entry image=&#8221;1520&#8243; title=&#8221;LAAAB&#8221; description=&#8221;I am text block. Click edit button to change this text. Lorem ipsum dolor sit amet, consectetur adipiscing elit. Ut elit tellus, luctus nec ullamcorper mattis, pulvinar dapibus leo.&#8221; link=&#8221;url:https%3A%2F%2Fwww.laaab.es%2F|target:_blank&#8221;][lab_clients_entry image=&#8221;3061&#8243; title=&#8221;Las Naves&#8221; description=&#8221;I am text block. Click edit button to change this text. Lorem ipsum dolor sit amet, consectetur adipiscing elit. Ut elit tellus, luctus nec ullamcorper mattis, pulvinar dapibus leo.&#8221; link=&#8221;url:https%3A%2F%2Fwww.lasnaves.com%2F|target:_blank&#8221;][lab_clients_entry image=&#8221;2431&#8243; title=&#8221;Tabakalera&#8221; description=&#8221;I am text block. Click edit button to change this text. Lorem ipsum dolor sit amet, consectetur adipiscing elit. Ut elit tellus, luctus nec ullamcorper mattis, pulvinar dapibus leo.&#8221; link=&#8221;url:https%3A%2F%2Fwww.tabakalera.eu%2F|target:_blank&#8221;][\/lab_clients][\/vc_column_inner][\/vc_row_inner][vc_row_inner gap=&#8221;35&#8243; css=&#8221;.vc_custom_1645133379902{padding-top: 20px !important;}&#8221;][vc_column_inner width=&#8221;1\/3&#8243;][vc_column_text]<\/p>\n<h3>Agents col\u00b7laboradors<\/h3>\n<p>[\/vc_column_text][\/vc_column_inner][vc_column_inner width=&#8221;2\/3&#8243;][vc_column_text]S\u00f3n aquelles entitats que, sense formar directament part de la comunitat, s\u00ed que tenen compet\u00e8ncies directes o transversals o exerceixen funcions relacionades amb \u00e0mbits que afecten la Innovaci\u00f3 Ciutadana i, des d\u2019ac\u00ed, volen contribuir al fet que el col\u00b7laboratori IC implemente la seua missi\u00f3. Poden ser, per exemple, administracions p\u00fabliques, ag\u00e8ncies d\u2019innovaci\u00f3, fundacions, universitats, centres d\u2019investigaci\u00f3 o empreses. La col\u00b7laboraci\u00f3 es fa efectiva per mitj\u00e0 de diferents tipus de vincles i aportacions en forma de recursos materials, financers, d\u2019investigaci\u00f3 o de comunicaci\u00f3; i\/o l\u2019acc\u00e9s a \u00e0mbits i relacions estrat\u00e8giques per a la innovaci\u00f3 ciutadana.<\/p>\n<p>T\u2019agradaria contribuir com a agent col\u00b7laborador?[\/vc_column_text][vc_btn title=&#8221;Posa&#8217;t en contacte!&#8221; style=&#8221;flat&#8221; shape=&#8221;round&#8221; color=&#8221;vista-blue&#8221; link=&#8221;url:https%3A%2F%2Fcolaboratorioic.org%2Fca%2Fcontacte%2F|title:Contacte&#8221;][vc_column_text]Actualment, els agents col\u00b7laboradors del Colaboratorio IC s\u00f3n:[\/vc_column_text][vc_media_grid element_width=&#8221;3&#8243; item=&#8221;211&#8243; grid_id=&#8221;vc_gid:1654870418869-4606d8b6-fe93-0&#8243; include=&#8221;1537&#8243;][\/vc_column_inner][\/vc_row_inner][\/vc_column][\/vc_row][\/vc_section][vc_section el_id=&#8221;beneficios&#8221;][vc_row][vc_column][vc_separator color=&#8221;custom&#8221; accent_color=&#8221;#acc9b4&#8243;][vc_row_inner gap=&#8221;35&#8243;][vc_column_inner width=&#8221;1\/3&#8243;][vc_column_text]<\/p>\n<h4>Beneficis<\/h4>\n<h2>Per qu\u00e8 sumar-te al Colaboratorio IC?<\/h2>\n<p>[\/vc_column_text][\/vc_column_inner][vc_column_inner width=&#8221;2\/3&#8243;][vc_column_text]Qu\u00e8 t\u2019aporta sumar-te al Colaboratorio IC?<\/p>\n<ul>\n<li><strong>Formar part d\u2019una comunitat diversa i activa<\/strong> entorn de la innovaci\u00f3 ciutadana, amb capacitat de representaci\u00f3 col\u00b7lectiva, d\u2019interlocuci\u00f3 i incid\u00e8ncia en diferents \u00e0mbits tem\u00e0tics i territorials.<\/li>\n<li><strong>Connectar amb altres agents afins<\/strong>, amb interessos comuns i perfils diversos, amb mirades, experi\u00e8ncies i capacitats complement\u00e0ries.<\/li>\n<li><strong>Sumar-te a la consolidaci\u00f3 d\u2019aliances<\/strong> ja existents i establir noves relacions amb agents estatals i internacionals.<\/li>\n<li><strong>Participar en la definici\u00f3 de reptes comuns<\/strong>\u00a0i projectes desenvolupats entre agents que formen part del Colaboratorio IC.<\/li>\n<li><strong>Accedir a infraestructures, eines i altres recursos<\/strong> generats i\/o compartits pel Colaboratorio IC.<\/li>\n<li><strong>Donar a con\u00e9ixer les teues activitats i propostes<\/strong> en un marc d\u2019inter\u00e9s compartit.<\/li>\n<li><strong>Compartir<\/strong> maneres de fer, aprenentatges i bones pr\u00e0ctiques.<\/li>\n<\/ul>\n<p>Un munt\u00f3 de beneficis comuns.<br \/>\nI, com m\u00e9s t\u2019hi impliques, m\u00e9s retorns tindr\u00e0s![\/vc_column_text][vc_btn title=&#8221;Et sumes?&#8221; style=&#8221;flat&#8221; shape=&#8221;round&#8221; color=&#8221;vista-blue&#8221; link=&#8221;url:https%3A%2F%2Fcolaboratorioic.org%2Fca%2Fparticipa%2F|title:Formulario%3A%20Participa!&#8221;][\/vc_column_inner][\/vc_row_inner][\/vc_column][\/vc_row][\/vc_section][vc_section el_id=&#8221;funcionamiento&#8221;][vc_row][vc_column][vc_separator color=&#8221;custom&#8221; accent_color=&#8221;#acc9b4&#8243;][vc_row_inner gap=&#8221;35&#8243;][vc_column_inner width=&#8221;1\/3&#8243;][vc_column_text]<\/p>\n<h4>Funcionament<\/h4>\n<h2>Una estructura oberta, participativa i din\u00e0mica<\/h2>\n<p>[\/vc_column_text][\/vc_column_inner][vc_column_inner width=&#8221;2\/3&#8243;][vc_column_text]El Colaboratorio IC no t\u00e9 una forma jur\u00eddica pr\u00f2pia sin\u00f3 que funciona de manera federada. Basa el seu desenvolupament en la confian\u00e7a, el reconeixement, la reciprocitat i el suport mutu. Busquem implicar un nombre ampli i divers d\u2019agents, als quals proposem formes i nivells de participaci\u00f3 que afavorisquen un treball autogestionat, corresponsable i distribu\u00eft.<\/p>\n<p>Sumar-te al Colaboratorio IC et permet participar i implicar-te en els seus \u00f2rgans de gesti\u00f3, grups de treball, processos de presa de decisions, projectes concrets que s\u2019activen, etc.[\/vc_column_text][vc_single_image image=&#8221;3239&#8243; img_size=&#8221;full&#8221; css_animation=&#8221;fadeIn&#8221; css=&#8221;.vc_custom_1654870451483{padding-right: 30px !important;padding-left: 30px !important;}&#8221;][\/vc_column_inner][\/vc_row_inner][vc_row_inner gap=&#8221;35&#8243;][vc_column_inner width=&#8221;1\/3&#8243;][vc_column_text]<\/p>\n<h3>Comunitat IC<\/h3>\n<p>[\/vc_column_text][\/vc_column_inner][vc_column_inner width=&#8221;2\/3&#8243;][vc_column_text]<\/p>\n<ul>\n<li><strong>Composta per agents amb inter\u00e9s a formar part de l\u2019ecosistema d\u2019innovaci\u00f3 ciutadana <\/strong>que volen connectar-se i assabentar-se dels avan\u00e7os, per\u00f2 amb un nivell de comprom\u00eds i implicaci\u00f3 lax o puntual.<\/li>\n<li><strong>Celebra almenys dues trobades anuals <\/strong>del conjunt de la comunitat.<\/li>\n<li><strong>Hi ha diferents <a href=\"https:\/\/colaboratorioic.org\/ca\/contacte\/\">canals d&#8217;informaci\u00f3 i participaci\u00f3<\/a> <\/strong>que evolucionen a partir de les necessitats que hi haja.<\/li>\n<\/ul>\n<p>[\/vc_column_text][\/vc_column_inner][\/vc_row_inner][vc_row_inner gap=&#8221;35&#8243;][vc_column_inner width=&#8221;1\/3&#8243;][vc_column_text]<\/p>\n<h3>Grup de Coordinaci\u00f3<\/h3>\n<p>[\/vc_column_text][\/vc_column_inner][vc_column_inner width=&#8221;2\/3&#8243;][vc_column_text]<\/p>\n<ul>\n<li><strong>Equip forma per persones a t\u00edtol particular o com a representants d&#8217;organitzacions<\/strong> que formen part del Colaboratorio IC, tant des dels agents promotors com des del conjunt de la comunitat.<\/li>\n<li><strong>Assumeix tasques b\u00e0siques<\/strong> de gesti\u00f3, coordinaci\u00f3, secretaria t\u00e8cnica, comunicaci\u00f3, dinamitzaci\u00f3 de l\u2019ecosistema\u2026<\/li>\n<li><strong>T\u00e9 un car\u00e0cter obert i voluntari<\/strong>, encara que una part de les seues funcions \u2014si es disposa de recursos per a aix\u00f2\u2014 es podr\u00e0 secundar en el treball de persones alliberades.<\/li>\n<li><strong>Es reuneix de manera peri\u00f2dica,<\/strong> al menys cada 2 mesos.<\/li>\n<\/ul>\n<p>[\/vc_column_text][\/vc_column_inner][\/vc_row_inner][vc_row_inner gap=&#8221;35&#8243; el_class=&#8221;grupostrabajo&#8221;][vc_column_inner width=&#8221;1\/3&#8243;][vc_column_text]<\/p>\n<h3>Grups de treball<\/h3>\n<p>[\/vc_column_text][\/vc_column_inner][vc_column_inner width=&#8221;2\/3&#8243;][vc_column_text]<\/p>\n<ul>\n<li><strong>Grups estables o temporals, de car\u00e0cter obert,<\/strong> compostos per persones compromeses amb el desenvolupament de les tasques i les accions del grup.<\/li>\n<li><strong>Cada grup defineix el seu pla de treball i la seua operativa<\/strong> sobre la base dels seus objectius, el nombre de persones i les implicacions, la temporalitat o la disponibilitat d\u2019altres recursos.<\/li>\n<li><strong>T\u00e9 un funcionament adhocr\u00e0tic<\/strong> i proposa almenys dos nivells d\u2019implicaci\u00f3:<\/li>\n<\/ul>\n<p style=\"padding-left: 40px;\">1. \u201cPortar el tim\u00f3\u201d, coordinar, cuidar el proc\u00e9s i el compliment de les fites.<\/p>\n<p style=\"padding-left: 40px;\">2. Acompanyar el proc\u00e9s i activar-se en moments o amb tasques concretes.<\/p>\n<p>[\/vc_column_text][\/vc_column_inner][\/vc_row_inner][\/vc_column][\/vc_row][\/vc_section][vc_section el_id=&#8221;recursos&#8221;][vc_row][vc_column][vc_separator color=&#8221;custom&#8221; accent_color=&#8221;#acc9b4&#8243;][vc_row_inner gap=&#8221;35&#8243;][vc_column_inner width=&#8221;1\/3&#8243;][vc_column_text]<\/p>\n<h4>Recursos i finan\u00e7ament<\/h4>\n<h2>Com se sost\u00e9 el Colaboratorio IC?<\/h2>\n<p>[\/vc_column_text][\/vc_column_inner][vc_column_inner width=&#8221;2\/3&#8243;][vc_column_text]Una part important del treball en el Colaboratorio IC es realitza amb la implicaci\u00f3 volunt\u00e0ria i la contribuci\u00f3 de recursos propis dels agents que el conformen. Aix\u00f2 es concreta en:<\/p>\n<ul>\n<li><strong>Temps de dedicaci\u00f3<\/strong> en tasques desenvolupades en el col\u00b7laboratori IC (gesti\u00f3, comunicaci\u00f3, redacci\u00f3 de propostes, suport t\u00e8cnic\u2026).<\/li>\n<li><strong>Proporcionar infraestructures i eines<\/strong> per a \u00fas com\u00fa (servidors, streaming, eines col\u00b7laboratives&#8230;).<\/li>\n<li><strong>Serveis ja contractats<\/strong> per diferents agents de l\u2019ecosistema, que puguen donar cobertura al Colaboratorio IC (per exemple per a traduccions, disseny, serveis t\u00e8cnics, impremta, viatges\u2026).<\/li>\n<li><strong>Partides pressupost\u00e0ries destinades a cobrir despeses i contractacions<\/strong> vinculades al desenvolupament de projectes i\/o funcions i serveis lligats al pla d\u2019acci\u00f3 del Colaboratorio IC que excedisquen el comprom\u00eds voluntari, per a evitar tendir a situacions que no siguen sostenibles o afavorisquen l\u2019autoprecaritzaci\u00f3 (per a tasques de coordinaci\u00f3, secretaria t\u00e8cnica, tasques de gesti\u00f3, facilitaci\u00f3 i acompanyament, preparaci\u00f3 de propostes, producci\u00f3 d\u2019activitats, programaci\u00f3 web, relatories\u2026)..<\/li>\n<\/ul>\n<p>NOTA: El Colaboratorio IC no t\u00e9, de moment, una forma jur\u00eddica pr\u00f2pia que li permeta sol\u00b7licitar o rebre finan\u00e7ament o altres recursos de manera directa, per la qual cosa la captaci\u00f3 de recursos es fa mitjan\u00e7ant els agents promotors, sempre seguint criteris de transpar\u00e8ncia i sobre la base d\u2019objectius i estrat\u00e8gies que s\u2019acorden col\u00b7lectivament.[\/vc_column_text][\/vc_column_inner][\/vc_row_inner][\/vc_column][\/vc_row][vc_row][vc_column][vc_column_text]<\/p>\n<p>[\/vc_column_text][\/vc_column][\/vc_row][vc_row gap=&#8221;35&#8243; content_placement=&#8221;middle&#8221; el_id=&#8221;newsletter&#8221; css=&#8221;.vc_custom_1649222949766{border-top-width: 1px !important;padding-top: 30px !important;padding-bottom: 50px !important;border-top-color: #000000 !important;border-top-style: solid !important;}&#8221;][vc_column width=&#8221;2\/3&#8243;][vc_single_image image=&#8221;1261&#8243; img_size=&#8221;full&#8221; alignment=&#8221;right&#8221; css_animation=&#8221;fadeInLeft&#8221; retina_image=&#8221;yes&#8221; css=&#8221;.vc_custom_1649222711335{padding-left: 30px !important;}&#8221;][\/vc_column][vc_column width=&#8221;1\/3&#8243;][vc_column_text el_class=&#8221;newsletter&#8221;]<\/p>\n<h3>Subscriu-te al nostre butllet\u00ed<\/h3>\n<p>Vols que la Innovaci\u00f3 Ciutadana arribe directament al teu email?[\/vc_column_text][vc_btn title=&#8221;M&#8217;APUNTE!&#8221; style=&#8221;outline&#8221; shape=&#8221;round&#8221; color=&#8221;inverse&#8221; align=&#8221;left&#8221; link=&#8221;url:https%3A%2F%2Fcolaboratorioic.org%2Fca%2Fbutlleti%2F&#8221;][\/vc_column][\/vc_row][\/vc_section]<\/p>\n<\/div>","protected":false},"excerpt":{"rendered":"<p>[vc_row css_animation=&#8221;fadeIn&#8221; el_class=&#8221;submenus&#8221;][vc_column][vc_row_inner content_placement=&#8221;middle&#8221; css=&#8221;.vc_custom_1648103728313{padding-top: 7vh !important;padding-bottom: 3vh !important;}&#8221;][vc_column_inner width=&#8221;3\/5&#8243;][vc_column_text css_animation=&#8221;fadeIn&#8221; css=&#8221;.vc_custom_1650480143157{margin-bottom: 0px !important;}&#8221;] Qui Una comunitat de comunitats, oberta i participativa, en la qual relacionar-se, produir i compartir coneixements i experi\u00e8ncies en benefici com\u00fa. [\/vc_column_text][\/vc_column_inner][vc_column_inner width=&#8221;2\/5&#8243;][vc_single_image image=&#8221;952&#8243; img_size=&#8221;full&#8221; css_animation=&#8221;left-to-right&#8221;][\/vc_column_inner][\/vc_row_inner][vc_icon type=&#8221;material&#8221; icon_material=&#8221;vc-material vc-material-arrow_downward&#8221; color=&#8221;custom&#8221; size=&#8221;lg&#8221; css_animation=&#8221;fadeInDown&#8221; css=&#8221;.vc_custom_1637684991865{margin-bottom: 0px !important;}&#8221; custom_color=&#8221;#acc9b4&#8243;][vc_separator color=&#8221;custom&#8221; border_width=&#8221;2&#8243; accent_color=&#8221;#000000&#8243;][vc_wp_custommenu nav_menu=&#8221;22&#8243; title=&#8221;Qui\u00e9nes&hellip;<\/p>\n","protected":false},"author":3,"featured_media":954,"parent":0,"menu_order":0,"comment_status":"closed","ping_status":"open","template":"","meta":{"_acf_changed":false,"footnotes":""},"class_list":["post-1369","page","type-page","status-publish","has-post-thumbnail","hentry"],"acf":[],"_links":{"self":[{"href":"https:\/\/colaboratorioic.org\/ca\/wp-json\/wp\/v2\/pages\/1369","targetHints":{"allow":["GET"]}}],"collection":[{"href":"https:\/\/colaboratorioic.org\/ca\/wp-json\/wp\/v2\/pages"}],"about":[{"href":"https:\/\/colaboratorioic.org\/ca\/wp-json\/wp\/v2\/types\/page"}],"author":[{"embeddable":true,"href":"https:\/\/colaboratorioic.org\/ca\/wp-json\/wp\/v2\/users\/3"}],"replies":[{"embeddable":true,"href":"https:\/\/colaboratorioic.org\/ca\/wp-json\/wp\/v2\/comments?post=1369"}],"version-history":[{"count":41,"href":"https:\/\/colaboratorioic.org\/ca\/wp-json\/wp\/v2\/pages\/1369\/revisions"}],"predecessor-version":[{"id":3244,"href":"https:\/\/colaboratorioic.org\/ca\/wp-json\/wp\/v2\/pages\/1369\/revisions\/3244"}],"wp:featuredmedia":[{"embeddable":true,"href":"https:\/\/colaboratorioic.org\/ca\/wp-json\/wp\/v2\/media\/954"}],"wp:attachment":[{"href":"https:\/\/colaboratorioic.org\/ca\/wp-json\/wp\/v2\/media?parent=1369"}],"curies":[{"name":"wp","href":"https:\/\/api.w.org\/{rel}","templated":true}]}}