{"id":1356,"date":"2021-11-14T19:57:13","date_gmt":"2021-11-14T19:57:13","guid":{"rendered":"https:\/\/colaboratorioic.org\/contacto\/"},"modified":"2022-05-04T07:35:47","modified_gmt":"2022-05-04T07:35:47","slug":"contacte","status":"publish","type":"page","link":"https:\/\/colaboratorioic.org\/ca\/contacte\/","title":{"rendered":"Contacte i comunicaci\u00f3"},"content":{"rendered":"<div class=\"wpb-content-wrapper\"><p>[vc_row css_animation=&#8221;fadeIn&#8221; el_class=&#8221;submenus&#8221;][vc_column][vc_row_inner content_placement=&#8221;middle&#8221; css=&#8221;.vc_custom_1648704915345{padding-top: 5vh !important;}&#8221;][vc_column_inner width=&#8221;3\/5&#8243;][vc_column_text]<\/p>\n<h1>Canales, mitjans i eines per a comunicar-nos, afavorir les relacions i estendre la comunitat.<\/h1>\n<p>[\/vc_column_text][\/vc_column_inner][vc_column_inner width=&#8221;2\/5&#8243;][vc_single_image image=&#8221;1074&#8243; img_size=&#8221;full&#8221; css_animation=&#8221;left-to-right&#8221;][\/vc_column_inner][\/vc_row_inner][vc_separator color=&#8221;black&#8221;][\/vc_column][\/vc_row][vc_row gap=&#8221;35&#8243;][vc_column width=&#8221;1\/3&#8243;][vc_column_text]<\/p>\n<h4>Contacte i comunicaci\u00f3<\/h4>\n<h2>Diferents maneres de relacionar-nos<\/h2>\n<p>[\/vc_column_text][\/vc_column][vc_column width=&#8221;2\/3&#8243;][vc_column_text]<strong>Contacto.<\/strong><br \/>\nLa manera m\u00e9s senzilla per a comunicar-nos \u00e9s el correu electr\u00f2nic: <a href=\"mailto:info@colaboratorioic.org\" target=\"_blank\" rel=\"noopener\">info@colaboratorioic.org<\/a><\/p>\n<p><strong>Butllet\u00ed.<\/strong><br \/>\nSi vols rebre en el teu correu electr\u00f2nic informaci\u00f3 sobre l\u2019activitat del Colaboratorio IC, subscriu-t\u2019hi <a href=\"http:\/\/colaboratorioic.org\/boletin\">ac\u00ed<\/a>.<\/p>\n<p><strong>Sumar-t&#8217;hi.<\/strong><br \/>\nPer a incorporar-te al col\u00b7laboratori IC, el primer que cal fer \u00e9s omplir aquest <a href=\"https:\/\/colaboratorioic.org\/ca\/participa\/\" target=\"_blank\" rel=\"noopener\">formulari<\/a>.<\/p>\n<p><strong>Canals i Netiqueta.<\/strong><br \/>\nPer a estar al corrent de tot i participar en les converses, pots afegir-te al canal de <a href=\"https:\/\/t.me\/joinchat\/rvRduPj2c2VhZDQ8\" target=\"_blank\" rel=\"noopener\">Telegram<\/a>. Per a cuidar les relacions i el to en aquests canals, et proposem con\u00e9ixer la <a href=\"https:\/\/colaboratorioic.org\/ca\/reglament\/#netiqueta\">Netiqueta<\/a>.<\/p>\n<p><strong>Xarxes Socials.<\/strong><br \/>\npots seguir l\u2019activitat i interactuar en les xarxes socials utilitzant priorit\u00e0riament les etiquetes #ColaboratorioIC i #Innovaci\u00f3nCiudadana, a m\u00e9s de les altres que puguen crear-se per a accions i campanyes espec\u00edfiques.<\/p>\n<p><strong>Identitat Corporativa.<br \/>\n<\/strong>si vols, pots visibilitzar la teua participaci\u00f3 en el col\u00b7laboratori IC i el teu comprom\u00eds amb l\u2019ecosistema de la innovaci\u00f3 ciutadana. Per a fer-ho, en aquesta carpeta trobar\u00e0s diferents materials corporatius. Des del col\u00b7laboratori IC es podr\u00e0 reclamar el cessament de la utilitzaci\u00f3 del seu nom i\/o la imatge corporativa si es considera que est\u00e0 usant-se de manera indeguda per a promoure o avalar iniciatives que contravinguen als objectius comuns.[\/vc_column_text][\/vc_column][\/vc_row][vc_row][vc_column][vc_column_text][\/vc_column_text][\/vc_column][\/vc_row][vc_row][vc_column][vc_column_text]<\/p>\n<p>[\/vc_column_text][\/vc_column][\/vc_row][vc_row gap=&#8221;35&#8243; content_placement=&#8221;middle&#8221; el_id=&#8221;newsletter&#8221; css=&#8221;.vc_custom_1649222949766{border-top-width: 1px !important;padding-top: 30px !important;padding-bottom: 50px !important;border-top-color: #000000 !important;border-top-style: solid !important;}&#8221;][vc_column width=&#8221;2\/3&#8243;][vc_single_image image=&#8221;1261&#8243; img_size=&#8221;full&#8221; alignment=&#8221;right&#8221; css_animation=&#8221;fadeInLeft&#8221; css=&#8221;.vc_custom_1650351726787{padding-left: 30px !important;}&#8221;][\/vc_column][vc_column width=&#8221;1\/3&#8243;][vc_column_text el_class=&#8221;newsletter&#8221;]<\/p>\n<h3>Subscriu-te al nostre butllet\u00ed<\/h3>\n<p><span style=\"font-weight: 400;\">Vols que la Innovaci\u00f3 Ciutadana arribe directament al teu email?<\/span>[\/vc_column_text][vc_btn title=&#8221;M&#8217;APUNTE!&#8221; style=&#8221;outline&#8221; shape=&#8221;round&#8221; color=&#8221;inverse&#8221; align=&#8221;left&#8221; link=&#8221;url:https%3A%2F%2Fcolaboratorioic.org%2Fca%2Fboletin%2F&#8221;][\/vc_column][\/vc_row]<\/p>\n<\/div>","protected":false},"excerpt":{"rendered":"<p>[vc_row css_animation=&#8221;fadeIn&#8221; el_class=&#8221;submenus&#8221;][vc_column][vc_row_inner content_placement=&#8221;middle&#8221; css=&#8221;.vc_custom_1648704915345{padding-top: 5vh !important;}&#8221;][vc_column_inner width=&#8221;3\/5&#8243;][vc_column_text] Canales, mitjans i eines per a comunicar-nos, afavorir les relacions i estendre la comunitat. [\/vc_column_text][\/vc_column_inner][vc_column_inner width=&#8221;2\/5&#8243;][vc_single_image image=&#8221;1074&#8243; img_size=&#8221;full&#8221; css_animation=&#8221;left-to-right&#8221;][\/vc_column_inner][\/vc_row_inner][vc_separator color=&#8221;black&#8221;][\/vc_column][\/vc_row][vc_row gap=&#8221;35&#8243;][vc_column width=&#8221;1\/3&#8243;][vc_column_text] Contacte i comunicaci\u00f3 Diferents maneres de relacionar-nos [\/vc_column_text][\/vc_column][vc_column width=&#8221;2\/3&#8243;][vc_column_text]Contacto. La manera m\u00e9s senzilla per a comunicar-nos \u00e9s el correu electr\u00f2nic: info@colaboratorioic.org Butllet\u00ed. Si vols rebre&hellip;<\/p>\n","protected":false},"author":3,"featured_media":1076,"parent":0,"menu_order":0,"comment_status":"closed","ping_status":"open","template":"","meta":{"_acf_changed":false,"footnotes":""},"class_list":["post-1356","page","type-page","status-publish","has-post-thumbnail","hentry"],"acf":[],"_links":{"self":[{"href":"https:\/\/colaboratorioic.org\/ca\/wp-json\/wp\/v2\/pages\/1356","targetHints":{"allow":["GET"]}}],"collection":[{"href":"https:\/\/colaboratorioic.org\/ca\/wp-json\/wp\/v2\/pages"}],"about":[{"href":"https:\/\/colaboratorioic.org\/ca\/wp-json\/wp\/v2\/types\/page"}],"author":[{"embeddable":true,"href":"https:\/\/colaboratorioic.org\/ca\/wp-json\/wp\/v2\/users\/3"}],"replies":[{"embeddable":true,"href":"https:\/\/colaboratorioic.org\/ca\/wp-json\/wp\/v2\/comments?post=1356"}],"version-history":[{"count":16,"href":"https:\/\/colaboratorioic.org\/ca\/wp-json\/wp\/v2\/pages\/1356\/revisions"}],"predecessor-version":[{"id":3114,"href":"https:\/\/colaboratorioic.org\/ca\/wp-json\/wp\/v2\/pages\/1356\/revisions\/3114"}],"wp:featuredmedia":[{"embeddable":true,"href":"https:\/\/colaboratorioic.org\/ca\/wp-json\/wp\/v2\/media\/1076"}],"wp:attachment":[{"href":"https:\/\/colaboratorioic.org\/ca\/wp-json\/wp\/v2\/media?parent=1356"}],"curies":[{"name":"wp","href":"https:\/\/api.w.org\/{rel}","templated":true}]}}